{"id":1006,"date":"2026-03-05T00:13:58","date_gmt":"2026-03-04T22:13:58","guid":{"rendered":"https:\/\/www.castle-of-mind.com\/?page_id=1006"},"modified":"2026-03-05T11:35:57","modified_gmt":"2026-03-05T09:35:57","slug":"komplex-fejlesztes","status":"publish","type":"page","link":"https:\/\/www.castle-of-mind.com\/hu\/komplex-fejlesztes\/","title":{"rendered":"Komplex fejleszt\u00e9s"},"content":{"rendered":"<div class=\"fusion-bg-parallax\" data-bg-align=\"center center\" data-direction=\"down\" data-mute=\"false\" data-opacity=\"100\" data-velocity=\"-0.6\" data-mobile-enabled=\"false\" data-break_parents=\"0\" data-bg-image=\"https:\/\/www.castle-of-mind.com\/wp-content\/uploads\/sites\/30\/2019\/09\/COM_background_szurke2.jpg\" data-bg-repeat=\"false\" data-bg-color=\"#29292a\" ><\/div><div class=\"fusion-fullwidth fullwidth-box fusion-builder-row-1 fusion-parallax-down nonhundred-percent-fullwidth non-hundred-percent-height-scrolling\" style=\"background-color: #29292a;background-image: url(&quot;https:\/\/www.castle-of-mind.com\/wp-content\/uploads\/sites\/30\/2019\/09\/COM_background_szurke2.jpg&quot;);background-position: center center;background-repeat: no-repeat;padding-top:0px;padding-right:20px;padding-bottom:0px;padding-left:20px;margin-bottom: 0px;margin-top: 0px;border-width: 0px 0px 0px 0px;border-color:#eae9e9;border-style:solid;-webkit-background-size:cover;-moz-background-size:cover;-o-background-size:cover;background-size:cover;\" ><div class=\"fusion-builder-row fusion-row\"><div class=\"fusion-layout-column fusion_builder_column fusion-builder-column-0 fusion_builder_column_1_1 1_1 fusion-one-full fusion-column-first fusion-column-last\" style=\"margin-top:0px;margin-bottom:20px;\"><div class=\"fusion-column-wrapper fusion-flex-column-wrapper-legacy\" style=\"background-position:left top;background-repeat:no-repeat;-webkit-background-size:cover;-moz-background-size:cover;-o-background-size:cover;background-size:cover;padding: 0px 0px 0px 0px;\"><div class=\"fusion-sep-clear\"><\/div><div class=\"fusion-separator fusion-full-width-sep\" style=\"margin-left: auto;margin-right: auto;margin-top:20px;width:100%;\"><\/div><div class=\"fusion-sep-clear\"><\/div><div class=\"fusion-text fusion-text-1\"><p><img decoding=\"async\" class=\"wp-image-134 aligncenter\" src=\"https:\/\/www.castle-of-mind.com\/wp-content\/uploads\/sites\/30\/2019\/09\/COM_felirat_nowww.png\" alt=\"\" width=\"432\" height=\"59\" srcset=\"https:\/\/www.castle-of-mind.com\/wp-content\/uploads\/2019\/09\/COM_felirat_nowww-200x27.png 200w, https:\/\/www.castle-of-mind.com\/wp-content\/uploads\/2019\/09\/COM_felirat_nowww-300x41.png 300w, https:\/\/www.castle-of-mind.com\/wp-content\/uploads\/2019\/09\/COM_felirat_nowww-400x55.png 400w, https:\/\/www.castle-of-mind.com\/wp-content\/uploads\/2019\/09\/COM_felirat_nowww-600x82.png 600w, https:\/\/www.castle-of-mind.com\/wp-content\/uploads\/2019\/09\/COM_felirat_nowww-768x105.png 768w, https:\/\/www.castle-of-mind.com\/wp-content\/uploads\/2019\/09\/COM_felirat_nowww-800x110.png 800w, https:\/\/www.castle-of-mind.com\/wp-content\/uploads\/2019\/09\/COM_felirat_nowww-1024x141.png 1024w, https:\/\/www.castle-of-mind.com\/wp-content\/uploads\/2019\/09\/COM_felirat_nowww-1200x165.png 1200w, https:\/\/www.castle-of-mind.com\/wp-content\/uploads\/2019\/09\/COM_felirat_nowww.png 1370w\" sizes=\"(max-width: 432px) 100vw, 432px\" \/><\/p>\n<\/div><div class=\"fusion-text fusion-text-2\"><p><img decoding=\"async\" class=\"alignnone size-full wp-image-1067\" src=\"https:\/\/www.castle-of-mind.com\/wp-content\/uploads\/2026\/03\/komplex_fejlesztes.png\" alt=\"\" width=\"1000\" height=\"333\" srcset=\"https:\/\/www.castle-of-mind.com\/wp-content\/uploads\/2026\/03\/komplex_fejlesztes-200x67.png 200w, https:\/\/www.castle-of-mind.com\/wp-content\/uploads\/2026\/03\/komplex_fejlesztes-300x100.png 300w, https:\/\/www.castle-of-mind.com\/wp-content\/uploads\/2026\/03\/komplex_fejlesztes-400x133.png 400w, https:\/\/www.castle-of-mind.com\/wp-content\/uploads\/2026\/03\/komplex_fejlesztes-600x200.png 600w, https:\/\/www.castle-of-mind.com\/wp-content\/uploads\/2026\/03\/komplex_fejlesztes-768x256.png 768w, https:\/\/www.castle-of-mind.com\/wp-content\/uploads\/2026\/03\/komplex_fejlesztes-800x266.png 800w, https:\/\/www.castle-of-mind.com\/wp-content\/uploads\/2026\/03\/komplex_fejlesztes.png 1000w\" sizes=\"(max-width: 1000px) 100vw, 1000px\" \/><\/p>\n<\/div><div class=\"fusion-sep-clear\"><\/div><div class=\"fusion-separator fusion-full-width-sep\" style=\"margin-left: auto;margin-right: auto;margin-top:20px;width:100%;\"><\/div><div class=\"fusion-sep-clear\"><\/div><div class=\"fusion-text fusion-text-3\"><p style=\"text-align: center;\"><span style=\"font-weight: 400;\">Napjainkban egyre t\u00f6bb sz\u00fcl\u0151, pedag\u00f3gus sz\u00e1mol be arr\u00f3l, hogy a gyerekeknek probl\u00e9m\u00e1juk van a figyelem fenntart\u00e1s\u00e1val, a koncentr\u00e1ci\u00f3val, valamint gyakran tapasztalnak tanul\u00e1si zavarokat, magatart\u00e1sb\u00e9li probl\u00e9m\u00e1kat is.\u00a0<\/span><\/p>\n<p style=\"text-align: center;\"><span style=\"font-weight: 400;\">A figyelem fejleszt\u00e9se a gyerekek, fiatalok jelent\u0151s r\u00e9sz\u00e9nek probl\u00e9m\u00e1t okoz, ami hat\u00e1ssal van a fejl\u0151d\u00e9s\u00fckre, tanul\u00e1sukra. Gyakori probl\u00e9ma, hogy a gyerekek a tanul\u00e1st k\u00e9nyszernek, feladatnak \u00e9lik meg, nem motiv\u00e1ltak. A kutat\u00e1sok szerint a gyerekeknek ma jellemz\u0151en igen r\u00f6vid a koncentr\u00e1l\u00f3k\u00e9pess\u00e9gi id\u0151tartama. Igen gyorsan el\u00e9rik a maxim\u00e1lis inform\u00e1ci\u00f3kapacit\u00e1sukat, amely pontt\u00f3l nem k\u00e9pesek hossz\u00fat\u00e1v\u00fa tud\u00e1s elsaj\u00e1t\u00edt\u00e1s\u00e1ra.\u00a0<\/span><\/p>\n<p style=\"text-align: center;\"><span style=\"font-weight: 400;\">A Castle of Mind egyedi motorik\u00e1ja r\u00e9v\u00e9n t\u00f6bbek k\u00f6z\u00f6tt a figyelmet, ez\u00e1ltal az \u00f6sszpontos\u00edt\u00e1st, koncentr\u00e1ci\u00f3t is fejleszti, mindezt pedig \u00e9lvezetesen.<\/span><\/p>\n<\/div><div class=\"fusion-sep-clear\"><\/div><div class=\"fusion-separator fusion-full-width-sep\" style=\"margin-left: auto;margin-right: auto;margin-top:20px;width:100%;\"><\/div><div class=\"fusion-sep-clear\"><\/div><div class=\"fusion-text fusion-text-4\"><h2 style=\"text-align: center;\"><strong>Hogyan fejleszt?<\/strong><\/h2>\n<\/div><div class=\"fusion-sep-clear\"><\/div><div class=\"fusion-separator fusion-full-width-sep\" style=\"margin-left: auto;margin-right: auto;margin-top:20px;width:100%;\"><\/div><div class=\"fusion-sep-clear\"><\/div><div class=\"fusion-text fusion-text-5\"><p style=\"text-align: center;\"><span style=\"font-weight: 400;\">A Castle Of Mind (COM) figyelemfejleszt\u0151 hat\u00e1sa els\u0151sorban az egyedi j\u00e1t\u00e9kmechanik\u00e1j\u00e1b\u00f3l \u00e9s a t\u00e1bla komplex, m\u00e9gis \u00e1tl\u00e1that\u00f3 rendszer\u00e9b\u0151l fakad.<\/span><\/p>\n<\/div><div class=\"fusion-flip-boxes flip-boxes row fusion-columns-3 flip-effect-3d\"><div class=\"fusion-flip-box-wrapper fusion-column col-lg-4 col-md-4 col-sm-4\"><div class=\"fusion-flip-box flip-right\" tabindex=\"0\"><div class=\"flip-box-inner-wrapper\"><div class=\"flip-box-front\" style=\"background-color:#747474;border-color:rgba(0,0,0,0);border-radius:4px;border-style:solid;border-width:1px;color:#ffffff;transition-duration:0.4s;\"><div class=\"flip-box-front-inner\"><h2 class=\"flip-box-heading\" style=\"color:#333333;\">Egyedi j\u00e1t\u00e9kmechanika<\/h2>Az \u201e\u00fct\u00e9s\u201d nem ott t\u00f6rt\u00e9nik, ahol a l\u00e9p\u00e9s.<\/div><\/div><div class=\"flip-box-back\" style=\"background-color:#747474;border-color:rgba(0,0,0,0);border-radius:4px;border-style:solid;border-width:1px;color:#ffffff;transition-duration:0.4s;background-image: url(&#039;https:\/\/www.castle-of-mind.com\/wp-content\/uploads\/2026\/02\/Tabla.jpg&#039;);\"><div class=\"flip-box-back-inner\"><\/div><\/div><\/div><\/div><\/div><div class=\"fusion-flip-box-wrapper fusion-column col-lg-4 col-md-4 col-sm-4\"><div class=\"fusion-flip-box flip-right\" tabindex=\"0\"><div class=\"flip-box-inner-wrapper\"><div class=\"flip-box-front\" style=\"background-color:#e9a825;border-color:rgba(0,0,0,0);border-radius:4px;border-style:solid;border-width:1px;color:#ffffff;transition-duration:0.4s;\"><div class=\"flip-box-front-inner\"><h2 class=\"flip-box-heading\" style=\"color:#333333;\">Komplex j\u00e1t\u00e9kt\u00e1bla<\/h2>Nincs saj\u00e1t t\u00e9rf\u00e9l, illetve saj\u00e1t mez\u0151k.<\/div><\/div><div class=\"flip-box-back\" style=\"background-color:#747474;border-color:rgba(0,0,0,0);border-radius:4px;border-style:solid;border-width:1px;color:#ffffff;transition-duration:0.4s;background-image: url(&#039;https:\/\/www.castle-of-mind.com\/wp-content\/uploads\/2019\/09\/com_tabla_7066_600.jpg&#039;);\"><div class=\"flip-box-back-inner\"><\/div><\/div><\/div><\/div><\/div><div class=\"fusion-flip-box-wrapper fusion-column col-lg-4 col-md-4 col-sm-4\"><div class=\"fusion-flip-box flip-right\" tabindex=\"0\"><div class=\"flip-box-inner-wrapper\"><div class=\"flip-box-front\" style=\"background-color:#867ec6;border-color:rgba(0,0,0,0);border-radius:4px;border-style:solid;border-width:1px;color:#ffffff;transition-duration:0.4s;\"><div class=\"flip-box-front-inner\"><h2 class=\"flip-box-heading\" style=\"color:#333333;\">Relev\u00e1ns inform\u00e1ci\u00f3k<\/h2>Fejleszti a bej\u00f6v\u0151 ingerek val\u00f3s id\u0151ben val\u00f3 feldolgoz\u00e1s\u00e1t.<\/div><\/div><div class=\"flip-box-back\" style=\"background-color:#747474;border-color:rgba(0,0,0,0);border-radius:4px;border-style:solid;border-width:1px;color:#ffffff;transition-duration:0.4s;background-image: url(&#039;https:\/\/www.castle-of-mind.com\/wp-content\/uploads\/2019\/09\/com_tabla_7077_600.jpg&#039;);\"><div class=\"flip-box-back-inner\"><\/div><\/div><\/div><\/div><\/div><\/div><div class=\"clearfix\"><\/div><div class=\"fusion-sep-clear\"><\/div><div class=\"fusion-separator fusion-full-width-sep\" style=\"margin-left: auto;margin-right: auto;margin-top:20px;width:100%;\"><\/div><div class=\"fusion-sep-clear\"><\/div><div class=\"fusion-clearfix\"><\/div><\/div><\/div><div class=\"fusion-layout-column fusion_builder_column fusion-builder-column-1 fusion_builder_column_1_1 1_1 fusion-one-full fusion-column-first fusion-column-last\" style=\"margin-top:0px;margin-bottom:20px;\"><div class=\"fusion-column-wrapper fusion-flex-column-wrapper-legacy\" style=\"background-position:left top;background-repeat:no-repeat;-webkit-background-size:cover;-moz-background-size:cover;-o-background-size:cover;background-size:cover;padding: 0px 0px 0px 0px;\"><div class=\"fusion-text fusion-text-6\"><h3 style=\"text-align: center;\"><b>T\u00e9rbeli gondolkod\u00e1s<\/b><\/h3>\n<\/div><div class=\"fusion-text fusion-text-7\"><p style=\"text-align: center;\"><span style=\"font-weight: 400;\">A t\u00e1bla fel\u00e9p\u00edt\u00e9se, a l\u00e9p\u00e9s-lehet\u0151s\u00e9gek t\u00e9rbeli gondolkod\u00e1sra serkentik az agyat. Nincs saj\u00e1t t\u00e9rf\u00e9l, illetve saj\u00e1t mez\u0151k, az eg\u00e9sz t\u00e1bl\u00e1t \u00e1t kell l\u00e1tni. Ehhez sz\u00fcks\u00e9g van a jobb \u00e9s bal agyf\u00e9lteke kooperat\u00edv munk\u00e1j\u00e1ra \u00e9s ez\u00e1ltal fejleszti a j\u00e1t\u00e9k a f\u00e9ltek\u00e9k k\u00f6z\u00f6tti idegi kapcsolatok kialakul\u00e1s\u00e1t, er\u0151s\u00f6d\u00e9s\u00e9t. Mivel a j\u00e1t\u00e9kban az \u201c\u00fct\u00e9s\u201d a \u201cl\u00e9p\u00e9s\u201d hely\u00e9t\u0151l t\u00e1vol eshet, ez\u00e9rt a j\u00e1t\u00e9kos megtanulja, hogy ne csak arra a helyre figyeljen, ahol valamilyen esem\u00e9ny, mozg\u00e1s zajlik, hanem igyekezzen min\u00e9l hamarabb r\u00e1j\u00f6nni az ellenf\u00e9l l\u00e9p\u00e9se m\u00f6g\u00f6tti \u00f6sszef\u00fcgg\u00e9sekre, illetve a saj\u00e1t l\u00e9p\u00e9seit is az \u00f6sszef\u00fcgg\u00e9sek felt\u00e1r\u00e1sa el\u0151zze meg.<\/span><\/p>\n<p style=\"text-align: center;\"><span style=\"font-weight: 400;\">Ez a j\u00e1t\u00e9khelyzet fejleszti a figyelmet, mindemellett azt is megtan\u00edtja, hogy egy l\u00e9p\u00e9snek milyen k\u00e9s\u0151bbi hat\u00e1sai lehetnek ak\u00e1r a j\u00e1t\u00e9kos tov\u00e1bbi j\u00e1t\u00e9k\u00e1ra, ak\u00e1r az ellenf\u00e9l l\u00e9p\u00e9seire. Ezt a h\u00e9tk\u00f6znapokban is j\u00f3l tudja kamatoztatni, hiszen ott is fontos \u00e1tl\u00e1tni, hogy egy-egy d\u00f6nt\u00e9s \u00e9s tett milyen k\u00f6vetkezm\u00e9nyeket eredm\u00e9nyezhet.<\/span><\/p>\n<\/div><div class=\"fusion-sep-clear\"><\/div><div class=\"fusion-separator fusion-full-width-sep\" style=\"margin-left: auto;margin-right: auto;margin-top:10px;width:100%;\"><\/div><div class=\"fusion-sep-clear\"><\/div><div class=\"fusion-text fusion-text-8\"><h3 style=\"text-align: center;\"><b>Inform\u00e1ci\u00f3feldolgoz\u00e1s, relev\u00e1ns inform\u00e1ci\u00f3k kiemel\u00e9se<\/b><\/h3>\n<h3 style=\"text-align: center;\"><\/h3>\n<\/div><div class=\"fusion-text fusion-text-9\"><p style=\"text-align: center;\"><span style=\"font-weight: 400;\">A t\u00e1bl\u00e1n egyszerre sok lehet\u0151s\u00e9g van, t\u00f6bb t\u00e9nyez\u0151vel kell egyid\u0151ben sz\u00e1molni. Ez megtan\u00edtja a j\u00e1t\u00e9kost arra, hogyan kezelje egyszerre a sok bej\u00f6v\u0151 ingert, ami a jelenkori, felgyorsult inform\u00e1ci\u00f3-\u00e1raml\u00e1ssal m\u0171k\u00f6d\u0151 vil\u00e1gunkban elengedhetetlen. A gy\u0151zelem \u00e9rdek\u00e9ben k\u00e9nytelen a j\u00e1t\u00e9kos \u00e1tl\u00e1tni a lehet\u0151s\u00e9geket, s\u00falyozni k\u00f6z\u00f6tt\u00fck \u00e9s d\u00f6nt\u00e9seket hozni, a j\u00e1t\u00e9k ezzel seg\u00edti a val\u00f3s\u00e1g egyes helyzeteinek \u00e1tl\u00e1t\u00e1s\u00e1t \u00e9s a bej\u00f6v\u0151 ingerek val\u00f3s id\u0151ben val\u00f3 feldolgoz\u00e1s\u00e1t.<\/span><\/p>\n<\/div><div class=\"fusion-sep-clear\"><\/div><div class=\"fusion-separator fusion-full-width-sep\" style=\"margin-left: auto;margin-right: auto;margin-top:10px;width:100%;\"><\/div><div class=\"fusion-sep-clear\"><\/div><div class=\"fusion-text fusion-text-10\"><h3 style=\"text-align: center;\"><b>El\u0151rel\u00e1t\u00e1s<\/b><\/h3>\n<\/div><div class=\"fusion-text fusion-text-11\"><p style=\"text-align: center;\"><span style=\"font-weight: 400;\">A j\u00e1t\u00e9k sor\u00e1n nincs \u201e\u00fcresj\u00e1rat\u201d: minden l\u00e9p\u00e9s k\u00f6vetkezm\u00e9nyekkel j\u00e1r, ak\u00e1r t\u00f6bb k\u00f6rrel k\u00e9s\u0151bb is. A j\u00e1t\u00e9kos figyelme \u00edgy nem csup\u00e1n a jelenre, hanem a j\u00f6v\u0151beli k\u00f6vetkezm\u00e9nyekre is kiterjed, hiszen egyetlen elszalasztott lehet\u0151s\u00e9g vagy figyelmetlens\u00e9g is d\u00f6nt\u0151 h\u00e1tr\u00e1nyt okozhat. Ez a folyamatos k\u00e9szenl\u00e9ti \u00e1llapot fejleszti az \u00e9bers\u00e9get \u00e9s az el\u0151rel\u00e1t\u00e1st.<\/span><\/p>\n<\/div><div class=\"fusion-sep-clear\"><\/div><div class=\"fusion-separator fusion-full-width-sep\" style=\"margin-left: auto;margin-right: auto;margin-top:10px;width:100%;\"><\/div><div class=\"fusion-sep-clear\"><\/div><div class=\"fusion-text fusion-text-12\"><h3 style=\"text-align: center;\"><b>Strat\u00e9giai gondolkod\u00e1s<\/b><\/h3>\n<\/div><div class=\"fusion-text fusion-text-13\"><p style=\"text-align: center;\"><span style=\"font-weight: 400;\">A j\u00e1t\u00e9kos egyszerre \u00e9p\u00edti saj\u00e1t strat\u00e9gi\u00e1j\u00e1t \u00e9s figyeli az ellenf\u00e9l l\u00e9p\u00e9seit, valamint a jelenlegi \u00e9s a v\u00e1rhat\u00f3 helyzeteket. Ez fejleszti a k\u00e9pess\u00e9get, hogy egyszerre t\u00f6bb dologra tudjon figyelni (megosztott figyelem), \u00e9s gyorsan tudjon v\u00e1ltani egyik n\u00e9z\u0151pontb\u00f3l a m\u00e1sikba (figyelmi v\u00e1lt\u00e1s).<\/span><\/p>\n<\/div><div class=\"fusion-sep-clear\"><\/div><div class=\"fusion-separator fusion-full-width-sep\" style=\"margin-left: auto;margin-right: auto;margin-top:10px;width:100%;\"><\/div><div class=\"fusion-sep-clear\"><\/div><div class=\"fusion-text fusion-text-14\"><h3 style=\"text-align: center;\"><b>Kognit\u00edv k\u00e9pess\u00e9gek fejleszt\u00e9se<\/b><\/h3>\n<\/div><div class=\"fusion-text fusion-text-15\"><p style=\"text-align: center;\"><span style=\"font-weight: 400;\"><strong>Eml\u00e9kezet<\/strong>: a b\u00e1buk mozg\u00e1s\u00e1nak lek\u00f6vet\u00e9s\u00e9hez \u00e9s a j\u00e1t\u00e9ktaktika nyomonk\u00f6vet\u00e9s\u00e9hez elengedhetetlen bizonyos fokig a b\u00e1buk helyzet\u00e9nek memoriz\u00e1l\u00e1sa. Ez egyszerre t\u00f6bb helyzet \u00e9s t\u00f6bb mozg\u00e1s megjegyz\u00e9s\u00e9t k\u00f6veteli, ami fejleszti az agy r\u00f6vidt\u00e1v\u00fa t\u00e1rol\u00e1si kapacit\u00e1s\u00e1t.<\/span><\/p>\n<p style=\"text-align: center;\"><span style=\"font-weight: 400;\"><strong>Gondolkod\u00e1s<\/strong>: a t\u00e1bla fel\u00e9p\u00edt\u00e9se \u00e9s a l\u00e9p\u00e9s-\u00fct\u00e9s lehet\u0151s\u00e9gek figyelembe v\u00e9tele az \u00f6sszef\u00fcgg\u00e9sek megl\u00e1t\u00e1s\u00e1t, a csoportos\u00edt\u00e1st, anal\u00edzist, s\u00falyoz\u00e1st fejleszti meglehet\u0151sen gyorsan.<\/span><\/p>\n<p style=\"text-align: center;\"><span style=\"font-weight: 400;\"><strong>\u00c9rz\u00e9kel\u00e9s-\u00e9szlel\u00e9s<\/strong>: az adott sz\u00edn\u0171 b\u00e1bu azonos sz\u00edn\u0171 mez\u0151 fel\u00e9 k\u00f6zel\u00edt\u00e9se, a t\u00e1bla t\u00e9ri \u00e1br\u00e1inak \u00e1tl\u00e1t\u00e1sa a l\u00e9p\u00e9sek lehet\u0151s\u00e9geihez fejleszti nem csak a t\u00e9r-, hanem a forma\u00e9rz\u00e9kel\u00e9st is.<\/span><\/p>\n<\/div><div class=\"fusion-sep-clear\"><\/div><div class=\"fusion-separator fusion-full-width-sep\" style=\"margin-left: auto;margin-right: auto;margin-top:10px;width:100%;\"><\/div><div class=\"fusion-sep-clear\"><\/div><div class=\"fusion-text fusion-text-16\"><h3 style=\"text-align: center;\"><b>Helyzetfelismer\u00e9s<\/b><\/h3>\n<\/div><div class=\"fusion-text fusion-text-17\"><p style=\"text-align: center;\"><span style=\"font-weight: 400;\">Alapvet\u0151 tanul\u00e1si mechnaizmusunk mint\u00e1kon alapszik. Kisgyerek korban mozg\u00e1smint\u00e1kat tanulunk, majd viselked\u00e9smint\u00e1kat. A mintatanul\u00e1sra sz\u00fcks\u00e9g van egy bizonyos szintig, ut\u00e1na viszont sz\u00fcks\u00e9gszer\u0171en a helyzetfelismer\u00e9s \u00e9s a mint\u00e1k adta keretekt\u0151l val\u00f3 elszakad\u00e1s jelenti a fejl\u0151d\u00e9st. A tanul\u00e1si folyamatokban ritk\u00e1n jutunk el id\u00e1ig. A Castle Of Mind j\u00e1t\u00e9k t\u00e1mogatja, hogy a nagysz\u00e1m\u00fa lehet\u0151s\u00e9g miatt a j\u00e1t\u00e9kos el tudjon szakadni a mintak\u00f6vet\u00e9st\u0151l, igyekezzen az adott helyzetet elemezni \u00e9s abban d\u00f6nt\u00e9st hozni.<\/span><\/p>\n<\/div><div class=\"fusion-clearfix\"><\/div><\/div><\/div><\/div><\/div>\n","protected":false},"excerpt":{"rendered":"","protected":false},"author":5,"featured_media":0,"parent":0,"menu_order":0,"comment_status":"closed","ping_status":"closed","template":"","meta":[],"_links":{"self":[{"href":"https:\/\/www.castle-of-mind.com\/hu\/wp-json\/wp\/v2\/pages\/1006"}],"collection":[{"href":"https:\/\/www.castle-of-mind.com\/hu\/wp-json\/wp\/v2\/pages"}],"about":[{"href":"https:\/\/www.castle-of-mind.com\/hu\/wp-json\/wp\/v2\/types\/page"}],"author":[{"embeddable":true,"href":"https:\/\/www.castle-of-mind.com\/hu\/wp-json\/wp\/v2\/users\/5"}],"replies":[{"embeddable":true,"href":"https:\/\/www.castle-of-mind.com\/hu\/wp-json\/wp\/v2\/comments?post=1006"}],"version-history":[{"count":21,"href":"https:\/\/www.castle-of-mind.com\/hu\/wp-json\/wp\/v2\/pages\/1006\/revisions"}],"predecessor-version":[{"id":1071,"href":"https:\/\/www.castle-of-mind.com\/hu\/wp-json\/wp\/v2\/pages\/1006\/revisions\/1071"}],"wp:attachment":[{"href":"https:\/\/www.castle-of-mind.com\/hu\/wp-json\/wp\/v2\/media?parent=1006"}],"curies":[{"name":"wp","href":"https:\/\/api.w.org\/{rel}","templated":true}]}}