{"id":218,"date":"2019-11-13T22:03:55","date_gmt":"2019-11-13T20:03:55","guid":{"rendered":"http:\/\/www.castle-of-mind.com\/?page_id=218"},"modified":"2026-03-23T21:25:18","modified_gmt":"2026-03-23T19:25:18","slug":"rolunk","status":"publish","type":"page","link":"https:\/\/www.castle-of-mind.com\/hu\/rolunk\/","title":{"rendered":"R\u00f3lunk"},"content":{"rendered":"<div class=\"fusion-bg-parallax\" data-bg-align=\"center center\" data-direction=\"down\" data-mute=\"false\" data-opacity=\"100\" data-velocity=\"-0.5\" data-mobile-enabled=\"false\" data-break_parents=\"0\" data-bg-image=\"https:\/\/www.castle-of-mind.com\/wp-content\/uploads\/2019\/09\/COM_background_szurke2.jpg\" data-bg-repeat=\"false\" ><\/div><div class=\"fusion-fullwidth fullwidth-box fusion-builder-row-1 has-pattern-background has-mask-background fusion-parallax-down nonhundred-percent-fullwidth non-hundred-percent-height-scrolling\" style=\"background-color: rgba(255,255,255,0);background-image: url(&quot;https:\/\/www.castle-of-mind.com\/wp-content\/uploads\/2019\/09\/COM_background_szurke2.jpg&quot;);background-position: center center;background-repeat: no-repeat;padding-top:20px;padding-right:20px;padding-bottom:20px;padding-left:20px;margin-bottom: 0px;margin-top: 0px;border-width: 0px 0px 0px 0px;border-color:#eae9e9;border-style:solid;-webkit-background-size:cover;-moz-background-size:cover;-o-background-size:cover;background-size:cover;\" ><div class=\"fusion-builder-row fusion-row\"><div class=\"fusion-layout-column fusion_builder_column fusion-builder-column-0 fusion_builder_column_1_3 1_3 fusion-one-third fusion-column-first\" style=\"width:33.333333333333%;width:calc(33.333333333333% - ( ( 4% ) * 0.33333333333333 ) );margin-right: 4%;margin-top:0px;margin-bottom:20px;\"><div class=\"fusion-column-wrapper fusion-flex-column-wrapper-legacy\" style=\"background-position:left top;background-repeat:no-repeat;-webkit-background-size:cover;-moz-background-size:cover;-o-background-size:cover;background-size:cover;padding: 0px 0px 0px 0px;\"><div class=\"fusion-sep-clear\"><\/div><div class=\"fusion-separator fusion-full-width-sep\" style=\"margin-left: auto;margin-right: auto;margin-top:20px;width:100%;\"><\/div><div class=\"fusion-sep-clear\"><\/div><span class=\" fusion-imageframe imageframe-none imageframe-1 hover-type-none\"><img decoding=\"async\" width=\"400\" height=\"401\" title=\"_COM_LOGO\" src=\"https:\/\/www.castle-of-mind.com\/wp-content\/uploads\/2019\/06\/COM_LOGO-400x401.png\" alt class=\"img-responsive wp-image-4\" srcset=\"https:\/\/www.castle-of-mind.com\/wp-content\/uploads\/2019\/06\/COM_LOGO-200x200.png 200w, https:\/\/www.castle-of-mind.com\/wp-content\/uploads\/2019\/06\/COM_LOGO-400x401.png 400w, https:\/\/www.castle-of-mind.com\/wp-content\/uploads\/2019\/06\/COM_LOGO-600x601.png 600w, https:\/\/www.castle-of-mind.com\/wp-content\/uploads\/2019\/06\/COM_LOGO.png 778w\" sizes=\"(max-width: 800px) 100vw, 400px\" \/><\/span><div class=\"fusion-clearfix\"><\/div><\/div><\/div><div class=\"fusion-layout-column fusion_builder_column fusion-builder-column-1 fusion_builder_column_2_3 2_3 fusion-two-third fusion-column-last\" style=\"width:66.666666666667%;width:calc(66.666666666667% - ( ( 4% ) * 0.66666666666667 ) );margin-top:0px;margin-bottom:20px;\"><div class=\"fusion-column-wrapper fusion-flex-column-wrapper-legacy\" style=\"background-position:left top;background-repeat:no-repeat;-webkit-background-size:cover;-moz-background-size:cover;-o-background-size:cover;background-size:cover;padding: 0px 0px 0px 0px;\"><div class=\"fusion-sep-clear\"><\/div><div class=\"fusion-separator fusion-full-width-sep\" style=\"margin-left: auto;margin-right: auto;margin-top:30px;width:100%;\"><\/div><div class=\"fusion-sep-clear\"><\/div><style type=\"text\/css\"><\/style><div class=\"fusion-title title fusion-title-1 fusion-sep-none fusion-title-text fusion-title-size-one\" style=\"margin-top:0px;margin-right:0px;margin-bottom:31px;margin-left:0px;\"><h1 class=\"title-heading-left\" style=\"margin:0;\"><h2 style=\"text-align: left;\">R\u00d3LUNK<\/h2><\/h1><\/div><div class=\"fusion-text fusion-text-1\"><p><span style=\"font-weight: 400;\">A <\/span><b>Castle Of Mind<\/b><span style=\"font-weight: 400;\"> fejleszt\u0151csapata azzal a sz\u00e1nd\u00e9kkal alakult, hogy olyan t\u00e1rsasj\u00e1t\u00e9kokat hozzon l\u00e9tre, amelyek egyszerre sz\u00f3rakoztat\u00f3ak \u00e9s fejleszt\u0151 hat\u00e1s\u00faak. C\u00e9lunk az volt, hogy a j\u00e1t\u00e9k seg\u00edts\u00e9g\u00e9vel a figyelem, a strat\u00e9giai gondolkod\u00e1s, az el\u0151rel\u00e1t\u00e1s \u00e9s a probl\u00e9mamegold\u00f3 k\u00e9pess\u00e9g fejl\u0151d\u00e9s\u00e9t t\u00e1mogassuk, mik\u00f6zben a j\u00e1t\u00e9k\u00e9lm\u00e9ny minden koroszt\u00e1ly sz\u00e1m\u00e1ra \u00e9lvezetes maradjon.<\/span><\/p>\n<p><span style=\"font-weight: 400;\">A j\u00e1t\u00e9k \u00f6tlete, motorik\u00e1j\u00e1nak kidolgoz\u00e1sa \u00e9s a m\u00f6g\u00f6tte \u00e1ll\u00f3 tudom\u00e1nyos kutat\u00e1s <\/span><b>T\u00f6r\u00f6k-Szab\u00f3 Bal\u00e1zs<\/b><span style=\"font-weight: 400;\"> nev\u00e9hez f\u0171z\u0151dik. A j\u00e1t\u00e9k \u00e9s a fejleszt\u0151 hat\u00e1sok tesztel\u00e9s\u00e9t <\/span><b>Hacker P\u00e9ter<\/b><span style=\"font-weight: 400;\"> \u00e9s csapata v\u00e9gezte, <\/span><span style=\"font-weight: 400;\">a j\u00e1t\u00e9k l\u00e1tv\u00e1nyvil\u00e1g\u00e1t <\/span><b>Zakari\u00e1s L\u00e1szl\u00f3<\/b><span style=\"font-weight: 400;\"> grafikus alkotta meg.\u00a0<\/span><\/p>\n<p><span style=\"font-weight: 400;\">Kapcsolat: <\/span><b>info@castle-of-mind.com<\/b><\/p>\n<\/div><div class=\"fusion-clearfix\"><\/div><\/div><\/div><div class=\"fusion-layout-column fusion_builder_column fusion-builder-column-2 fusion_builder_column_1_1 1_1 fusion-one-full fusion-column-first fusion-column-last\" style=\"margin-top:0px;margin-bottom:-40px;\"><div class=\"fusion-column-wrapper fusion-flex-column-wrapper-legacy\" style=\"background-position:left top;background-repeat:no-repeat;-webkit-background-size:cover;-moz-background-size:cover;-o-background-size:cover;background-size:cover;padding: 0px 0px 0px 0px;\"><style type=\"text\/css\"><\/style><div class=\"fusion-title title fusion-title-2 fusion-sep-none fusion-title-text fusion-title-size-two\" style=\"margin-top:0px;margin-right:0px;margin-bottom:31px;margin-left:0px;\"><h2 class=\"title-heading-left\" style=\"margin:0;\"><p style=\"text-align: center;\">H\u00edrek<\/p><\/h2><\/div><div class=\"fusion-recent-posts fusion-recent-posts-1 avada-container layout-default layout-columns-3 fusion-recent-posts-left\"><section class=\"fusion-columns columns fusion-columns-3 columns-3\"><article class=\"post fusion-column column col col-lg-4 col-md-4 col-sm-4\"><div class=\"fusion-flexslider fusion-flexslider-loading flexslider flexslider-hover-type-none\"><ul class=\"slides\"><li><a href=\"https:\/\/www.castle-of-mind.com\/hu\/2026\/03\/23\/a-comic-con-kulonos-kreaturai-es-a-com-es-15-kedvezmeny\/\" aria-label=\"A Comic Con k\u00fcl\u00f6n\u00f6s kreatur\u00e1i \u00e9s a COM &#8211; \u00c9S 15% KEDVEZM\u00c9NY\" class=\"hover-type-none\"><img width=\"700\" height=\"333\" src=\"https:\/\/www.castle-of-mind.com\/wp-content\/uploads\/2026\/03\/com_bge_cover_1000x333-700x333.jpg\" class=\"attachment-recent-posts size-recent-posts\" alt=\"\" decoding=\"async\" \/><\/a><\/li><\/ul><\/div><div class=\"recent-posts-content\"><span class=\"vcard\" style=\"display: none;\"><span class=\"fn\"><a href=\"https:\/\/www.castle-of-mind.com\/hu\/author\/bolha\/\" title=\"admin bejegyz\u00e9se\" rel=\"author\">admin<\/a><\/span><\/span><span class=\"updated\" style=\"display:none;\">2026-03-23T21:00:27+02:00<\/span><h4 class=\"entry-title\"><a href=\"https:\/\/www.castle-of-mind.com\/hu\/2026\/03\/23\/a-comic-con-kulonos-kreaturai-es-a-com-es-15-kedvezmeny\/\">A Comic Con k\u00fcl\u00f6n\u00f6s kreatur\u00e1i \u00e9s a COM &#8211; \u00c9S 15% KEDVEZM\u00c9NY<\/a><\/h4><p>\u00c1prilis 4-ig 15% kedvezm\u00e9nnyel v\u00e1s\u00e1rolhat\u00f3 meg a COM, a COM for Kids \u00e9s a Wyvern is!<\/p><\/div><\/article><article class=\"post fusion-column column col col-lg-4 col-md-4 col-sm-4\"><div class=\"fusion-flexslider fusion-flexslider-loading flexslider flexslider-hover-type-none\"><ul class=\"slides\"><li><a href=\"https:\/\/www.castle-of-mind.com\/hu\/2026\/02\/26\/castle-of-mind-a-board-game-expo-n\/\" aria-label=\"Castle of Mind a Board Game Expo-n 2026. M\u00e1rcius 21-22!\" class=\"hover-type-none\"><img width=\"700\" height=\"333\" src=\"https:\/\/www.castle-of-mind.com\/wp-content\/uploads\/2026\/02\/ChatGPT-Image-2026.-febr.-19.-01_24_01-700x333.png\" class=\"attachment-recent-posts size-recent-posts\" alt=\"\" decoding=\"async\" \/><\/a><\/li><\/ul><\/div><div class=\"recent-posts-content\"><span class=\"vcard\" style=\"display: none;\"><span class=\"fn\"><a href=\"https:\/\/www.castle-of-mind.com\/hu\/author\/hajdueva\/\" title=\"Hajdu \u00c9va bejegyz\u00e9se\" rel=\"author\">Hajdu \u00c9va<\/a><\/span><\/span><span class=\"updated\" style=\"display:none;\">2026-03-23T20:26:19+02:00<\/span><h4 class=\"entry-title\"><a href=\"https:\/\/www.castle-of-mind.com\/hu\/2026\/02\/26\/castle-of-mind-a-board-game-expo-n\/\">Castle of Mind a Board Game Expo-n 2026. M\u00e1rcius 21-22!<\/a><\/h4><p>Izgalmas h\u00edr\u00fcnk van! 2026.03.21-22-\u00e9n tal\u00e1lkozhatsz vel\u00fcnk a Board Game Expo-n! <\/p><\/div><\/article><article class=\"post fusion-column column col col-lg-4 col-md-4 col-sm-4\"><div class=\"fusion-flexslider fusion-flexslider-loading flexslider flexslider-hover-type-none\"><ul class=\"slides\"><li><a href=\"https:\/\/www.castle-of-mind.com\/hu\/2026\/01\/26\/kmo-elmenyek-strategiak-es-uj-baratsagok\/\" aria-label=\"KMO &#8211; \u00e9lm\u00e9nyek, strat\u00e9gi\u00e1k \u00e9s \u00faj bar\u00e1ts\u00e1gok\" class=\"hover-type-none\"><img width=\"700\" height=\"333\" src=\"https:\/\/www.castle-of-mind.com\/wp-content\/uploads\/2026\/01\/KMO-6-1-700x333.jpg\" class=\"attachment-recent-posts size-recent-posts\" alt=\"\" decoding=\"async\" \/><\/a><\/li><\/ul><\/div><div class=\"recent-posts-content\"><span class=\"vcard\" style=\"display: none;\"><span class=\"fn\"><a href=\"https:\/\/www.castle-of-mind.com\/hu\/author\/hajdueva\/\" title=\"Hajdu \u00c9va bejegyz\u00e9se\" rel=\"author\">Hajdu \u00c9va<\/a><\/span><\/span><span class=\"updated\" style=\"display:none;\">2026-03-23T20:27:04+02:00<\/span><h4 class=\"entry-title\"><a href=\"https:\/\/www.castle-of-mind.com\/hu\/2026\/01\/26\/kmo-elmenyek-strategiak-es-uj-baratsagok\/\">KMO &#8211; \u00e9lm\u00e9nyek, strat\u00e9gi\u00e1k \u00e9s \u00faj bar\u00e1ts\u00e1gok<\/a><\/h4><p>Csal\u00e1di t\u00e1rsasj\u00e1t\u00e9k nap a KMO-ban \u2013 \u00c9lm\u00e9nyekkel, strat\u00e9gi\u00e1kkal \u00e9s \u00faj bar\u00e1ts\u00e1gokkal<\/p><\/div><\/article><article class=\"post fusion-column column col col-lg-4 col-md-4 col-sm-4\"><div class=\"fusion-flexslider fusion-flexslider-loading flexslider flexslider-hover-type-none\"><ul class=\"slides\"><li><a href=\"https:\/\/www.castle-of-mind.com\/hu\/2026\/01\/05\/891\/\" aria-label=\"Csal\u00e1di t\u00e1rsasj\u00e1t\u00e9k napok 2026\" class=\"hover-type-none\"><img width=\"700\" height=\"333\" src=\"https:\/\/www.castle-of-mind.com\/wp-content\/uploads\/2026\/01\/KMO-700x333.jpg\" class=\"attachment-recent-posts size-recent-posts\" alt=\"\" decoding=\"async\" \/><\/a><\/li><\/ul><\/div><div class=\"recent-posts-content\"><span class=\"vcard\" style=\"display: none;\"><span class=\"fn\"><a href=\"https:\/\/www.castle-of-mind.com\/hu\/author\/hajdueva\/\" title=\"Hajdu \u00c9va bejegyz\u00e9se\" rel=\"author\">Hajdu \u00c9va<\/a><\/span><\/span><span class=\"updated\" style=\"display:none;\">2026-03-23T20:28:24+02:00<\/span><h4 class=\"entry-title\"><a href=\"https:\/\/www.castle-of-mind.com\/hu\/2026\/01\/05\/891\/\">Csal\u00e1di t\u00e1rsasj\u00e1t\u00e9k napok 2026<\/a><\/h4><p>A csal\u00e1di t\u00e1rsasj\u00e1t\u00e9k napok 2026.01.24-\u00e9n a KMO M\u0171vel\u0151d\u00e9si K\u00f6zpontban ker\u00fcl megrendez\u00e9sre<\/p><\/div><\/article><article class=\"post fusion-column column col col-lg-4 col-md-4 col-sm-4\"><div class=\"fusion-flexslider fusion-flexslider-loading flexslider flexslider-hover-type-none\"><ul class=\"slides\"><li><a href=\"https:\/\/www.castle-of-mind.com\/hu\/2025\/10\/13\/talalkozzunk-a-tarsasjatekok-unnepen-%f0%9f%8e%b2\/\" aria-label=\"Tal\u00e1lkozzunk a T\u00e1rsasj\u00e1t\u00e9kok \u00dcnnep\u00e9n! \ud83c\udfb2\" class=\"hover-type-none\"><img width=\"700\" height=\"333\" src=\"https:\/\/www.castle-of-mind.com\/wp-content\/uploads\/2025\/10\/Tarsasjatekok_unnepe-700x333.jpg\" class=\"attachment-recent-posts size-recent-posts\" alt=\"\" decoding=\"async\" \/><\/a><\/li><\/ul><\/div><div class=\"recent-posts-content\"><span class=\"vcard\" style=\"display: none;\"><span class=\"fn\"><a href=\"https:\/\/www.castle-of-mind.com\/hu\/author\/hajdueva\/\" title=\"Hajdu \u00c9va bejegyz\u00e9se\" rel=\"author\">Hajdu \u00c9va<\/a><\/span><\/span><span class=\"updated\" style=\"display:none;\">2026-03-23T20:28:49+02:00<\/span><h4 class=\"entry-title\"><a href=\"https:\/\/www.castle-of-mind.com\/hu\/2025\/10\/13\/talalkozzunk-a-tarsasjatekok-unnepen-%f0%9f%8e%b2\/\">Tal\u00e1lkozzunk a T\u00e1rsasj\u00e1t\u00e9kok \u00dcnnep\u00e9n! \ud83c\udfb2<\/a><\/h4><p>Id\u00e9n is ott lesz\u00fcnk a T\u00e1rsasj\u00e1t\u00e9kok \u00dcnnep\u00e9n!<\/p><\/div><\/article><article class=\"post fusion-column column col col-lg-4 col-md-4 col-sm-4\"><div class=\"fusion-flexslider fusion-flexslider-loading flexslider flexslider-hover-type-none\"><ul class=\"slides\"><li><a href=\"https:\/\/www.castle-of-mind.com\/hu\/2023\/07\/01\/%f0%9f%8e%b2-elindulnak-a-castle-of-mind-jatekestek-%f0%9f%8e%89\/\" aria-label=\"\ud83c\udfb2 Elindulnak a Castle of Mind j\u00e1t\u00e9kestek! \ud83c\udf89\" class=\"hover-type-none\"><img width=\"700\" height=\"333\" src=\"https:\/\/www.castle-of-mind.com\/wp-content\/uploads\/2023\/07\/BARCRAFT-700x333.jpg\" class=\"attachment-recent-posts size-recent-posts\" alt=\"\" decoding=\"async\" \/><\/a><\/li><\/ul><\/div><div class=\"recent-posts-content\"><span class=\"vcard\" style=\"display: none;\"><span class=\"fn\"><a href=\"https:\/\/www.castle-of-mind.com\/hu\/author\/hajdueva\/\" title=\"Hajdu \u00c9va bejegyz\u00e9se\" rel=\"author\">Hajdu \u00c9va<\/a><\/span><\/span><span class=\"updated\" style=\"display:none;\">2026-03-23T20:29:24+02:00<\/span><h4 class=\"entry-title\"><a href=\"https:\/\/www.castle-of-mind.com\/hu\/2023\/07\/01\/%f0%9f%8e%b2-elindulnak-a-castle-of-mind-jatekestek-%f0%9f%8e%89\/\">\ud83c\udfb2 Elindulnak a Castle of Mind j\u00e1t\u00e9kestek! \ud83c\udf89<\/a><\/h4><p>Tal\u00e1lkozzunk Szegeden a BarCraft-ban!<\/p><\/div><\/article><\/section><div class=\"pagination clearfix\"><span class=\"current\">1<\/span><a href=\"https:\/\/www.castle-of-mind.com\/hu\/wp-json\/wp\/v2\/pages\/218\/page\/2\/\" class=\"inactive\">2<\/a><a class=\"pagination-next\" rel=\"next\" href=\"https:\/\/www.castle-of-mind.com\/hu\/wp-json\/wp\/v2\/pages\/218\/page\/2\/\"><span class=\"page-text\">Next<\/span><span class=\"page-next\"><\/span><\/a><\/div><div class=\"fusion-clearfix\"><\/div><\/div><div class=\"fusion-clearfix\"><\/div><\/div><\/div><\/div><\/div>\n","protected":false},"excerpt":{"rendered":"","protected":false},"author":3,"featured_media":0,"parent":0,"menu_order":0,"comment_status":"closed","ping_status":"closed","template":"","meta":[],"_links":{"self":[{"href":"https:\/\/www.castle-of-mind.com\/hu\/wp-json\/wp\/v2\/pages\/218"}],"collection":[{"href":"https:\/\/www.castle-of-mind.com\/hu\/wp-json\/wp\/v2\/pages"}],"about":[{"href":"https:\/\/www.castle-of-mind.com\/hu\/wp-json\/wp\/v2\/types\/page"}],"author":[{"embeddable":true,"href":"https:\/\/www.castle-of-mind.com\/hu\/wp-json\/wp\/v2\/users\/3"}],"replies":[{"embeddable":true,"href":"https:\/\/www.castle-of-mind.com\/hu\/wp-json\/wp\/v2\/comments?post=218"}],"version-history":[{"count":13,"href":"https:\/\/www.castle-of-mind.com\/hu\/wp-json\/wp\/v2\/pages\/218\/revisions"}],"predecessor-version":[{"id":1119,"href":"https:\/\/www.castle-of-mind.com\/hu\/wp-json\/wp\/v2\/pages\/218\/revisions\/1119"}],"wp:attachment":[{"href":"https:\/\/www.castle-of-mind.com\/hu\/wp-json\/wp\/v2\/media?parent=218"}],"curies":[{"name":"wp","href":"https:\/\/api.w.org\/{rel}","templated":true}]}}