{"id":989,"date":"2026-03-03T00:15:44","date_gmt":"2026-03-02T22:15:44","guid":{"rendered":"https:\/\/www.castle-of-mind.com\/?page_id=989"},"modified":"2026-04-14T19:32:18","modified_gmt":"2026-04-14T17:32:18","slug":"tudomanyos-hatter","status":"publish","type":"page","link":"https:\/\/www.castle-of-mind.com\/hu\/tudomanyos-hatter\/","title":{"rendered":"Tudom\u00e1nyos h\u00e1tt\u00e9r"},"content":{"rendered":"<div class=\"fusion-bg-parallax\" data-bg-align=\"center center\" data-direction=\"down\" data-mute=\"false\" data-opacity=\"100\" data-velocity=\"-0.6\" data-mobile-enabled=\"false\" data-break_parents=\"0\" data-bg-image=\"https:\/\/www.castle-of-mind.com\/wp-content\/uploads\/sites\/30\/2019\/09\/COM_background_szurke2.jpg\" data-bg-repeat=\"false\" data-bg-color=\"#29292a\" ><\/div><div class=\"fusion-fullwidth fullwidth-box fusion-builder-row-1 fusion-parallax-down nonhundred-percent-fullwidth non-hundred-percent-height-scrolling\" style=\"background-color: #29292a;background-image: url(&quot;https:\/\/www.castle-of-mind.com\/wp-content\/uploads\/sites\/30\/2019\/09\/COM_background_szurke2.jpg&quot;);background-position: center center;background-repeat: no-repeat;padding-top:0px;padding-right:20px;padding-bottom:0px;padding-left:20px;margin-bottom: 0px;margin-top: 0px;border-width: 0px 0px 0px 0px;border-color:#eae9e9;border-style:solid;-webkit-background-size:cover;-moz-background-size:cover;-o-background-size:cover;background-size:cover;\" ><div class=\"fusion-builder-row fusion-row\"><div class=\"fusion-layout-column fusion_builder_column fusion-builder-column-0 fusion_builder_column_1_1 1_1 fusion-one-full fusion-column-first fusion-column-last\" style=\"margin-top:0px;margin-bottom:20px;\"><div class=\"fusion-column-wrapper fusion-flex-column-wrapper-legacy\" style=\"background-position:left top;background-repeat:no-repeat;-webkit-background-size:cover;-moz-background-size:cover;-o-background-size:cover;background-size:cover;padding: 0px 0px 0px 0px;\"><div class=\"fusion-sep-clear\"><\/div><div class=\"fusion-separator fusion-full-width-sep\" style=\"margin-left: auto;margin-right: auto;margin-top:20px;width:100%;\"><\/div><div class=\"fusion-sep-clear\"><\/div><div class=\"fusion-text fusion-text-1\"><p><img decoding=\"async\" class=\"wp-image-134 aligncenter\" src=\"https:\/\/www.castle-of-mind.com\/wp-content\/uploads\/sites\/30\/2019\/09\/COM_felirat_nowww.png\" alt=\"\" width=\"432\" height=\"59\" srcset=\"https:\/\/www.castle-of-mind.com\/wp-content\/uploads\/2019\/09\/COM_felirat_nowww-200x27.png 200w, https:\/\/www.castle-of-mind.com\/wp-content\/uploads\/2019\/09\/COM_felirat_nowww-300x41.png 300w, https:\/\/www.castle-of-mind.com\/wp-content\/uploads\/2019\/09\/COM_felirat_nowww-400x55.png 400w, https:\/\/www.castle-of-mind.com\/wp-content\/uploads\/2019\/09\/COM_felirat_nowww-600x82.png 600w, https:\/\/www.castle-of-mind.com\/wp-content\/uploads\/2019\/09\/COM_felirat_nowww-768x105.png 768w, https:\/\/www.castle-of-mind.com\/wp-content\/uploads\/2019\/09\/COM_felirat_nowww-800x110.png 800w, https:\/\/www.castle-of-mind.com\/wp-content\/uploads\/2019\/09\/COM_felirat_nowww-1024x141.png 1024w, https:\/\/www.castle-of-mind.com\/wp-content\/uploads\/2019\/09\/COM_felirat_nowww-1200x165.png 1200w, https:\/\/www.castle-of-mind.com\/wp-content\/uploads\/2019\/09\/COM_felirat_nowww.png 1370w\" sizes=\"(max-width: 432px) 100vw, 432px\" \/><\/p>\n<\/div><div class=\"fusion-text fusion-text-2\"><p><img decoding=\"async\" class=\"alignnone size-full wp-image-1024\" src=\"https:\/\/www.castle-of-mind.com\/wp-content\/uploads\/2026\/03\/Baby.jpg\" alt=\"\" width=\"1000\" height=\"339\" srcset=\"https:\/\/www.castle-of-mind.com\/wp-content\/uploads\/2026\/03\/Baby-200x68.jpg 200w, https:\/\/www.castle-of-mind.com\/wp-content\/uploads\/2026\/03\/Baby-300x102.jpg 300w, https:\/\/www.castle-of-mind.com\/wp-content\/uploads\/2026\/03\/Baby-400x136.jpg 400w, https:\/\/www.castle-of-mind.com\/wp-content\/uploads\/2026\/03\/Baby-600x203.jpg 600w, https:\/\/www.castle-of-mind.com\/wp-content\/uploads\/2026\/03\/Baby-768x260.jpg 768w, https:\/\/www.castle-of-mind.com\/wp-content\/uploads\/2026\/03\/Baby-800x271.jpg 800w, https:\/\/www.castle-of-mind.com\/wp-content\/uploads\/2026\/03\/Baby.jpg 1000w\" sizes=\"(max-width: 1000px) 100vw, 1000px\" \/><\/p>\n<\/div><div class=\"fusion-sep-clear\"><\/div><div class=\"fusion-separator fusion-full-width-sep\" style=\"margin-left: auto;margin-right: auto;margin-top:20px;width:100%;\"><\/div><div class=\"fusion-sep-clear\"><\/div><div class=\"fusion-text fusion-text-3\"><p style=\"text-align: center;\"><span style=\"font-weight: 400;\">Az ember \u00f6szt\u00f6n\u00f6sen j\u00e1tszik, j\u00e1tszva tanul. <\/span><\/p>\n<p style=\"text-align: center;\"><span style=\"font-weight: 400;\">Genetikailag k\u00f3dolt tev\u00e9kenys\u00e9g ez, amit nem kell tan\u00edtani, amihez nem sz\u00fcks\u00e9ges \u00f6szt\u00f6nz\u00e9s. <\/span><span style=\"font-weight: 400;\">A j\u00e1t\u00e9k nem puszt\u00e1n szabadid\u0151s tev\u00e9kenys\u00e9g, hanem olyan term\u00e9szetes m\u0171k\u00f6d\u00e9si \u00e9s gyakorlati tanul\u00e1si folyamat, amely hozz\u00e1j\u00e1rul a fejl\u0151d\u00e9shez \u00e9s az alkalmazkod\u00e1shoz. Kutat\u00e1si eredm\u00e9nyek alapj\u00e1n a j\u00e1t\u00e9k sor\u00e1n az egy\u00e9n akt\u00edv kapcsolatba ker\u00fcl a k\u00f6rnyezet\u00e9vel, kipr\u00f3b\u00e1l k\u00fcl\u00f6nb\u00f6z\u0151 megold\u00e1sokat, \u00e9s tapasztalatai alapj\u00e1n m\u00f3dos\u00edtja viselked\u00e9s\u00e9t.<\/span><\/p>\n<p style=\"text-align: center;\"><span style=\"font-weight: 400;\">Ezen term\u00e9szetes folyamat tudom\u00e1nyos h\u00e1tter\u00e9nek felt\u00e1r\u00e1sa t\u00f6bb tudom\u00e1nyter\u00fclet egy\u00fcttm\u0171k\u00f6d\u00e9s\u00e9t ig\u00e9nyli. A jelens\u00e9g meg\u00e9rt\u00e9s\u00e9hez a biol\u00f3gia \u00e9s az idegtudom\u00e1ny az \u00e9lettani \u00e9s idegrendszeri alapokat t\u00e1rja fel, a viselked\u00e9studom\u00e1ny a megfigyelhet\u0151 magatart\u00e1smint\u00e1kat vizsg\u00e1lja, m\u00edg az oktat\u00e1selm\u00e9let a tanul\u00e1si \u00e9s fejleszt\u00e9si folyamatok \u00f6sszef\u00fcgg\u00e9seire vil\u00e1g\u00edt r\u00e1.\u00a0<\/span><\/p>\n<p style=\"text-align: center;\"><span style=\"font-weight: 400;\">Agyi k\u00e9palkot\u00f3 elj\u00e1r\u00e1sok kimutatt\u00e1k, hogy j\u00e1t\u00e9k k\u00f6zben fokozott aktivit\u00e1s figyelhet\u0151 meg azokban az idegi h\u00e1l\u00f3zatokban, amelyek a motiv\u00e1ci\u00f3val, a jutalmaz\u00e1ssal \u00e9s a tanul\u00e1ssal \u00e1llnak kapcsolatban. A siker\u00e9lm\u00e9ny hat\u00e1s\u00e1ra olyan k\u00e9miai anyagok szabadulnak fel, amelyek er\u0151s\u00edtik az idegsejtek k\u00f6z\u00f6tti kapcsolatokat. Ez a folyamat t\u00e1mogatja az \u00faj ismeretek r\u00f6gz\u00fcl\u00e9s\u00e9t \u00e9s a rugalmas alkalmazkod\u00e1st. Amennyiben a feladat kih\u00edv\u00e1st jelent, de nem haladja meg az egy\u00e9n k\u00e9pess\u00e9geit, a bevon\u00f3d\u00e1s m\u00e9rt\u00e9ke n\u00f6vekszik, ami hat\u00e9konyabb gyakorl\u00e1st eredm\u00e9nyez.<\/span><\/p>\n<p style=\"text-align: center;\"><span style=\"font-weight: 400;\">Evol\u00faci\u00f3s n\u00e9z\u0151pontb\u00f3l a j\u00e1t\u00e9k alacsony kock\u00e1zat\u00fa k\u00f6rnyezetben biztos\u00edt lehet\u0151s\u00e9get l\u00e9tfontoss\u00e1g\u00fa k\u00e9szs\u00e9gek gyakorl\u00e1s\u00e1ra. Az \u00e1llatvil\u00e1gban a fiatal egyedek j\u00e1t\u00e9kos mozg\u00e1sai, k\u00fczdelmei vagy \u00fcld\u00f6z\u00e9sei a k\u00e9s\u0151bbi t\u00fal\u00e9l\u00e9shez sz\u00fcks\u00e9ges reakci\u00f3kat k\u00e9sz\u00edtik el\u0151.\u00a0<\/span><\/p>\n<\/div><div class=\"fusion-sep-clear\"><\/div><div class=\"fusion-separator fusion-full-width-sep\" style=\"margin-left: auto;margin-right: auto;margin-top:20px;width:100%;\"><\/div><div class=\"fusion-sep-clear\"><\/div><div class=\"fusion-flip-boxes flip-boxes row fusion-columns-3 flip-effect-3d\"><div class=\"fusion-flip-box-wrapper fusion-column col-lg-4 col-md-4 col-sm-4\"><div class=\"fusion-flip-box flip-right\" tabindex=\"0\"><div class=\"flip-box-inner-wrapper\"><div class=\"flip-box-front\" style=\"background-color:#747474;border-color:rgba(0,0,0,0);border-radius:4px;border-style:solid;border-width:1px;color:#ffffff;transition-duration:0.4s;\"><div class=\"flip-box-front-inner\"><h2 class=\"flip-box-heading\" style=\"color:#333333;\">\u00d6szt\u00f6n\u00f6s j\u00e1t\u00e9k<\/h2>term\u00e9szetes m\u0171k\u00f6d\u00e9si \u00e9s gyakorlati tanul\u00e1si folyamat<\/div><\/div><div class=\"flip-box-back\" style=\"background-color:#747474;border-color:rgba(0,0,0,0);border-radius:4px;border-style:solid;border-width:1px;color:#ffffff;transition-duration:0.4s;background-image: url(&#039;https:\/\/www.castle-of-mind.com\/wp-content\/uploads\/2026\/03\/egyutt_COM.jpg&#039;);\"><div class=\"flip-box-back-inner\"><\/div><\/div><\/div><\/div><\/div><div class=\"fusion-flip-box-wrapper fusion-column col-lg-4 col-md-4 col-sm-4\"><div class=\"fusion-flip-box flip-right\" tabindex=\"0\"><div class=\"flip-box-inner-wrapper\"><div class=\"flip-box-front\" style=\"background-color:#e9a825;border-color:rgba(0,0,0,0);border-radius:4px;border-style:solid;border-width:1px;color:#ffffff;transition-duration:0.4s;\"><div class=\"flip-box-front-inner\"><h2 class=\"flip-box-heading\" style=\"color:#333333;\">J\u00e1tszva tanulni<\/h2>j\u00e1t\u00e9kkal fejleszthet\u0151 a test a mozg\u00e1s \u00e9s ez\u00e1ltal az idegrendszer<\/div><\/div><div class=\"flip-box-back\" style=\"background-color:#747474;border-color:rgba(0,0,0,0);border-radius:4px;border-style:solid;border-width:1px;color:#ffffff;transition-duration:0.4s;background-image: url(&#039;https:\/\/www.castle-of-mind.com\/wp-content\/uploads\/2019\/09\/playit_2.jpg&#039;);\"><div class=\"flip-box-back-inner\"><\/div><\/div><\/div><\/div><\/div><div class=\"fusion-flip-box-wrapper fusion-column col-lg-4 col-md-4 col-sm-4\"><div class=\"fusion-flip-box flip-right\" tabindex=\"0\"><div class=\"flip-box-inner-wrapper\"><div class=\"flip-box-front\" style=\"background-color:#867ec6;border-color:rgba(0,0,0,0);border-radius:4px;border-style:solid;border-width:1px;color:#ffffff;transition-duration:0.4s;\"><div class=\"flip-box-front-inner\"><h2 class=\"flip-box-heading\" style=\"color:#333333;\">\u00d6r\u00f6k j\u00e1t\u00e9k<\/h2>a j\u00e1t\u00e9kkedv feln\u0151ttkorra is megmarad \u00e9s fejleszt\u0151 hat\u00e1sa van<\/div><\/div><div class=\"flip-box-back\" style=\"background-color:#747474;border-color:rgba(0,0,0,0);border-radius:4px;border-style:solid;border-width:1px;color:#ffffff;transition-duration:0.4s;background-image: url(&#039;https:\/\/www.castle-of-mind.com\/wp-content\/uploads\/2026\/03\/COM_jatek.jpg&#039;);\"><div class=\"flip-box-back-inner\"><\/div><\/div><\/div><\/div><\/div><\/div><div class=\"clearfix\"><\/div><div class=\"fusion-text fusion-text-4\"><p style=\"text-align: center;\"><span style=\"font-weight: 400;\">Emberi k\u00f6z\u00f6ss\u00e9gekben is fontos szerepe van a j\u00e1t\u00e9knak. Az ember \u00e9lete els\u0151 id\u0151szak\u00e1ban j\u00e1t\u00e9kkal fejleszti a mozg\u00e1s\u00e1t, a test\u00e9t, \u00e9s ez\u00e1ltal az idegrendszer\u00e9t. \u00cdgy fedezi fel a mozg\u00e1s adta lehet\u0151s\u00e9geket, korl\u00e1tokat, agy-ideg-izom kapcsolatokat \u00e9p\u00edt \u00e9s fejleszt, pr\u00f3b\u00e1lgatja a k\u00e9pess\u00e9geit \u00e9s azok hat\u00e1rait. A szab\u00e1lyokra \u00e9p\u00fcl\u0151 j\u00e1t\u00e9k el\u0151seg\u00edti az egyedis\u00e9g, a verseng\u00e9s \u00e9s az egy\u00fcttm\u0171k\u00f6d\u00e9s meg\u00e9rt\u00e9s\u00e9t.\u00a0<\/span><\/p>\n<p style=\"text-align: center;\"><span style=\"font-weight: 400;\">7-10 \u00e9ves \u00e9letkort\u00f3l a j\u00e1t\u00e9k egyre ink\u00e1bb \u00e1ttev\u0151dik a fizikai sz\u00ednt\u00e9rr\u0151l a ment\u00e1lisra: a kognit\u00edv k\u00e9pess\u00e9gek \u00f6szt\u00f6n\u00f6s fejleszt\u00e9se ker\u00fcl el\u0151t\u00e9rbe. Az agy-ideg-izom kapcsolatok helyett ekkor m\u00e1r az agy k\u00fcl\u00f6nb\u00f6z\u0151 ter\u00fcleteit \u00f6sszek\u00f6t\u0151 kapcsolatok fejleszt\u00e9s\u00e9n lesz a hangs\u00faly: el\u0151ker\u00fclnek a logikai, mem\u00f3ria \u00e9s \u00e9szlel\u00e9sfejleszt\u0151 j\u00e1t\u00e9kok. A szerepj\u00e1t\u00e9k is k\u00fcl\u00f6n\u00f6sen jelent\u0151s, mivel lehet\u0151v\u00e9 teszi k\u00fcl\u00f6nb\u00f6z\u0151 helyzetek \u00e9s viselked\u00e9sform\u00e1k biztons\u00e1gos kipr\u00f3b\u00e1l\u00e1s\u00e1t.<\/span><\/p>\n<p style=\"text-align: center;\"><span style=\"font-weight: 400;\">A j\u00e1t\u00e9kok kutat\u00e1sa r\u00e1mutatott arra, hogy bizonyos j\u00e1t\u00e9kt\u00edpusok jav\u00edthatj\u00e1k a figyelmi teljes\u00edtm\u00e9nyt, a gyors d\u00f6nt\u00e9shozatalt \u00e9s a probl\u00e9mamegold\u00e1st.\u00a0<\/span><\/p>\n<p style=\"text-align: center;\"><span style=\"font-weight: 400;\">A j\u00e1t\u00e9k teh\u00e1t \u00f6sszetett jelens\u00e9g, amely biol\u00f3giai alapokra \u00e9p\u00fcl, \u00e9s jelent\u0151s szerepet t\u00f6lt be a tanul\u00e1sban, a k\u00e9szs\u00e9gek fejl\u0151d\u00e9s\u00e9ben \u00e9s a t\u00e1rsas m\u0171k\u00f6d\u00e9sben.\u00a0 Az embern\u00e9l &#8211; ugyan\u00fagy mint t\u00f6bb m\u00e1s fajn\u00e1l is &#8211; a j\u00e1t\u00e9kkedv feln\u0151ttkorra is megmarad \u00e9s hasonl\u00f3k\u00e9ppen fejleszt\u0151 hat\u00e1sa lehet, mint gyermekkorban.<\/span><\/p>\n<\/div><div class=\"fusion-sep-clear\"><\/div><div class=\"fusion-separator fusion-full-width-sep\" style=\"margin-left: auto;margin-right: auto;margin-top:20px;width:100%;\"><\/div><div class=\"fusion-sep-clear\"><\/div><style type=\"text\/css\"><\/style><div class=\"fusion-title title fusion-title-1 fusion-sep-none fusion-title-text fusion-title-size-one\" style=\"margin-top:0px;margin-right:0px;margin-bottom:31px;margin-left:0px;\"><h1 class=\"title-heading-left\" style=\"margin:0;\"><p style=\"text-align: center;\">Publik\u00e1ci\u00f3k<\/p><\/h1><\/div><div class=\"fusion-text fusion-text-5\"><p><b>K\u00fclf\u00f6ldi szakmai foly\u00f3iratban megjelent k\u00f6zlem\u00e9nyek<\/b><\/p>\n<ul>\n<li aria-level=\"1\">Bal\u00e1zs T\u00f6r\u00f6k- Szab\u00f3, <span style=\"font-weight: 400;\">Gergely Cs\u00e9p\u00e1ny, Val\u00e9ria Bugris (2022) <\/span><i><span style=\"font-weight: 400;\"><a href=\"http:\/\/Bal\u00e1zs T\u00f6r\u00f6k- Szab\u00f3, Gergely Cs\u00e9p\u00e1ny, Val\u00e9ria Bugris (2022) Game-based education in the 21st century - Innovative educational methodologies in the service of current educational challenges, Journal of International Scientific Publications, Educational Alternatives, ISSN 1304-7277, vol.20, 85-97 pp.\">Game-based education in the 21st century &#8211; Innovative educational methodologies in the service of current educational challenges<\/a>, <\/span><\/i><span style=\"font-weight: 400;\">Journal of International Scientific Publications, Educational Alternatives, ISSN 1304-7277, vol.20, 85-97 pp.\u00a0\u00a0<\/span><\/li>\n<\/ul>\n<ul>\n<li aria-level=\"1\"><span style=\"font-weight: 400;\">Jo\u017ee Rugelj, Val\u00e9ria Bugris, <\/span>Bal\u00e1zs T\u00f6r\u00f6k-Szab\u00f3<span style=\"font-weight: 400;\">, Ioana Boghian, Matej Zapu\u0161ek (2022) <\/span><i><span style=\"font-weight: 400;\">Analysis of Teachers&#8217; Competence Needs for Developing Creativity in Adult Educatio<\/span><\/i><span style=\"font-weight: 400;\">n; Brala-Mudrov\u010di\u0107, Jasminka; Mileti\u0107, Josip; Orel, Mojca (szerk.) <\/span><a href=\"https:\/\/m2.mtmt.hu\/api\/publication\/34863265\"><span style=\"font-weight: 400;\">Novi izzivi dana\u0161njega \u010dasa &#8211; prilo\u017enosti za vklju\u010devanje inovativnih re\u0161itev v izobra\u017eevanje 21. stoletja<\/span><\/a><span style=\"font-weight: 400;\">, Ljubljana, Szlov\u00e9nia: EDUvision 1,246 p., ISBN 978-961-95939-4-3 , 81-93 pp.<\/span><span style=\"font-weight: 400;\"><br \/>\n<\/span><\/li>\n<\/ul>\n<ul>\n<li aria-level=\"1\">Bal\u00e1zs T\u00d6R\u00d6K-SZAB\u00d3<span style=\"font-weight: 400;\">, Gergely CS\u00c9P\u00c1N, Val\u00e9ria BUGRIS (2023)<\/span> <a href=\"http:\/\/jiped.ub.ro\/?p=3559\"><i><span style=\"font-weight: 400;\">An Innovative Approach to the Current Educational Challenges \u2013 Game Based Learning in the 21st Cent<\/span><\/i><span style=\"font-weight: 400;\">ury,<\/span><\/a><span style=\"font-weight: 400;\"> Journal of Innovation in Psychology, Education and Didactics, ISSN: 2247-4579, E-ISSN: 2392-7127; doi:10.29081\/JIPED.2023.27.1.03; Vol. 27, No. 1\/ 2023; 29-42 pp.<\/span><\/li>\n<\/ul>\n<ul>\n<li aria-level=\"1\">Bal\u00e1zs T\u00f6r\u00f6k-Szab<span style=\"font-weight: 400;\">\u00f3<\/span><span style=\"font-weight: 400;\">, Gergely Cs\u00e9p\u00e1ny, Tam\u00e1s Kov\u00e1cs, <\/span><span style=\"font-weight: 400;\">Val\u00e9ria Bugris<\/span><span style=\"font-weight: 400;\"> (2023) <\/span><a href=\"https:\/\/m2.mtmt.hu\/api\/publication\/34863599\"><i><span style=\"font-weight: 400;\">Catle of Mind (COM) as an innovative educational methodology in the service of current educational challenges<\/span><\/i><\/a><i><span style=\"font-weight: 400;\">; <\/span><\/i><span style=\"font-weight: 400;\">In: Vesna, Svalina <\/span><a href=\"https:\/\/m2.mtmt.hu\/api\/publication\/34863596\"><span style=\"font-weight: 400;\">First International Conference CALT: Creative Approaches Osijek, Faculty of Education<\/span><\/a><i><span style=\"font-weight: 400;\">; Faculty of Education, Josip Juraj Strossmayer University of Osijek 162 p. Paper: <\/span><\/i><span style=\"font-weight: 400;\">ISBN 978-953-8371-11-0<\/span><\/li>\n<\/ul>\n<p style=\"text-align: left;\"><b>Hazai szakmai foly\u00f3iratban megjelent k\u00f6zlem\u00e9nyek<\/b><\/p>\n<p><b>Konferencia megjelen\u00e9sek<\/b><\/p>\n<ul>\n<li>Bal\u00e1zs T\u00f6r\u00f6k-Szab\u00f3<span style=\"font-weight: 400;\">, dr. Gergely Cs\u00e9p\u00e1ny, dr. Val\u00e9ria Bugris <\/span><i><span style=\"font-weight: 400;\">Game based learning in the 21st century <\/span><\/i><span style=\"font-weight: 400;\">3<\/span><span style=\"font-weight: 400;\">rd<\/span><span style=\"font-weight: 400;\">\u00a0International Conference on Innovation in Psychology, Education and Didactics<\/span><i><span style=\"font-weight: 400;\">\u00a0(ICIPED 2021), <\/span><\/i><span style=\"font-weight: 400;\">Bac\u0103u, Romania, 17-18 September,<\/span> <b>2021<\/b><span style=\"font-weight: 400;\"> (Oral Presentation)<\/span><\/li>\n<\/ul>\n<ul>\n<li style=\"font-weight: 400;\" aria-level=\"1\">Bal\u00e1zs T\u00f6r\u00f6k-Szab\u00f3, <span style=\"font-weight: 400;\">Gergely Cs\u00e9p\u00e1ny, Valeria Bugris <\/span><i><span style=\"font-weight: 400;\">Game-based education in the 21st century &#8211; innovative educational methodologies in the service of current educational challenges<\/span><\/i><span style=\"font-weight: 400;\"> Education, Research &amp; Development, 13<\/span><span style=\"font-weight: 400;\">th<\/span><span style=\"font-weight: 400;\"> International Conference<\/span> <i><span style=\"font-weight: 400;\">(ISE 2022) <\/span><\/i><span style=\"font-weight: 400;\">Burgas, Bulgaria<\/span> <span style=\"font-weight: 400;\">25-28 August <\/span><b>2022<\/b> <span style=\"font-weight: 400;\">(Oral Presentation)<\/span><\/li>\n<\/ul>\n<ul>\n<li style=\"font-weight: 400;\" aria-level=\"1\">Bal\u00e1zs T\u00f6r\u00f6k-Szab\u00f3<span style=\"font-weight: 400;\">, dr. Gergely Cs\u00e9p\u00e1ny, dr. Val\u00e9ria Bugris <\/span><i><span style=\"font-weight: 400;\">Game-based education in the 21st century \u2013 an innovative approach to the current educational challenge <\/span><\/i><span style=\"font-weight: 400;\">4<\/span><span style=\"font-weight: 400;\">th<\/span><span style=\"font-weight: 400;\">\u00a0International Conference on Innovation in Psychology, Education and Didactics<\/span><i><span style=\"font-weight: 400;\">\u00a0(ICIPED 2022), <\/span><\/i><span style=\"font-weight: 400;\">Bac\u0103u, Romania, 20-21 October,<\/span> <b>2022<\/b><span style=\"font-weight: 400;\"> (Oral Presentation)<\/span><\/li>\n<\/ul>\n<ul>\n<li style=\"font-weight: 400;\" aria-level=\"1\"><span style=\"font-weight: 400;\">Jo\u017ee Rugelj, Val\u00e9ria Bugris, <\/span>Bal\u00e1zs T\u00f6r\u00f6k-Szab\u00f3 , Ioana Boghian, Matej Zapu\u0161ek <i>Analiza potreb po kompetencah u\u010diteljev za razvijanje ustvarjalnosti na podro\u010dju izobra\u017eevanja odraslih, <\/i>EDUvision International Conference (EDUvision 2022), Online, 23-25 November,\u00a0 <b>2022<\/b> (Oral Presentation)<\/li>\n<\/ul>\n<ul>\n<li style=\"font-weight: 400;\" aria-level=\"1\">Bal\u00e1zs T\u00f6r\u00f6k-Szab\u00f3<span style=\"font-weight: 400;\">, Gergely Cs\u00e9p\u00e1ny, Tam\u00e1s Kov\u00e1cs, Val\u00e9ria Bugris<\/span><i>Catle of Mind (COM) as an innovative educational methodology in the service of current educational challenges, <\/i>First International Conference CALT: Creative Approaches Osijek, Faculty of Education, March 24-25, <b>2023<\/b>. pp.148 ISBN 978-953-8371-11-0 (Oral Presentation)<\/li>\n<\/ul>\n<\/div><div class=\"fusion-clearfix\"><\/div><\/div><\/div><\/div><\/div>\n","protected":false},"excerpt":{"rendered":"","protected":false},"author":5,"featured_media":0,"parent":0,"menu_order":0,"comment_status":"closed","ping_status":"closed","template":"","meta":[],"_links":{"self":[{"href":"https:\/\/www.castle-of-mind.com\/hu\/wp-json\/wp\/v2\/pages\/989"}],"collection":[{"href":"https:\/\/www.castle-of-mind.com\/hu\/wp-json\/wp\/v2\/pages"}],"about":[{"href":"https:\/\/www.castle-of-mind.com\/hu\/wp-json\/wp\/v2\/types\/page"}],"author":[{"embeddable":true,"href":"https:\/\/www.castle-of-mind.com\/hu\/wp-json\/wp\/v2\/users\/5"}],"replies":[{"embeddable":true,"href":"https:\/\/www.castle-of-mind.com\/hu\/wp-json\/wp\/v2\/comments?post=989"}],"version-history":[{"count":15,"href":"https:\/\/www.castle-of-mind.com\/hu\/wp-json\/wp\/v2\/pages\/989\/revisions"}],"predecessor-version":[{"id":1128,"href":"https:\/\/www.castle-of-mind.com\/hu\/wp-json\/wp\/v2\/pages\/989\/revisions\/1128"}],"wp:attachment":[{"href":"https:\/\/www.castle-of-mind.com\/hu\/wp-json\/wp\/v2\/media?parent=989"}],"curies":[{"name":"wp","href":"https:\/\/api.w.org\/{rel}","templated":true}]}}