{"id":397,"date":"2021-02-22T18:09:15","date_gmt":"2021-02-22T16:09:15","guid":{"rendered":"http:\/\/www.castle-of-mind.com\/?post_type=product&#038;p=397"},"modified":"2026-03-23T20:23:38","modified_gmt":"2026-03-23T18:23:38","slug":"castle-of-mind-com-for-kids","status":"publish","type":"product","link":"https:\/\/www.castle-of-mind.com\/hu\/termek\/castle-of-mind-com-for-kids\/","title":{"rendered":"COM For Kids"},"content":{"rendered":"<p><img decoding=\"async\" class=\"alignright wp-image-400\" src=\"http:\/\/www.castle-of-mind.com\/wp-content\/uploads\/sites\/30\/2021\/02\/icon_s_3.png\" alt=\"\" width=\"60\" height=\"80\" srcset=\"https:\/\/www.castle-of-mind.com\/wp-content\/uploads\/2021\/02\/icon_s_3-200x267.png 200w, https:\/\/www.castle-of-mind.com\/wp-content\/uploads\/2021\/02\/icon_s_3-225x300.png 225w, https:\/\/www.castle-of-mind.com\/wp-content\/uploads\/2021\/02\/icon_s_3-400x533.png 400w, https:\/\/www.castle-of-mind.com\/wp-content\/uploads\/2021\/02\/icon_s_3.png 450w\" sizes=\"(max-width: 60px) 100vw, 60px\" \/><\/p>\n<p><img decoding=\"async\" class=\"alignright wp-image-402\" src=\"http:\/\/www.castle-of-mind.com\/wp-content\/uploads\/sites\/30\/2021\/02\/icon_s_5-15_min.png\" alt=\"\" width=\"60\" height=\"80\" srcset=\"https:\/\/www.castle-of-mind.com\/wp-content\/uploads\/2021\/02\/icon_s_5-15_min-200x267.png 200w, https:\/\/www.castle-of-mind.com\/wp-content\/uploads\/2021\/02\/icon_s_5-15_min-225x300.png 225w, https:\/\/www.castle-of-mind.com\/wp-content\/uploads\/2021\/02\/icon_s_5-15_min-400x533.png 400w, https:\/\/www.castle-of-mind.com\/wp-content\/uploads\/2021\/02\/icon_s_5-15_min.png 450w\" sizes=\"(max-width: 60px) 100vw, 60px\" \/><\/p>\n<p><img decoding=\"async\" class=\"alignright wp-image-398\" src=\"http:\/\/www.castle-of-mind.com\/wp-content\/uploads\/sites\/30\/2021\/02\/icon_s_2player.png\" alt=\"\" width=\"60\" height=\"80\" srcset=\"https:\/\/www.castle-of-mind.com\/wp-content\/uploads\/2021\/02\/icon_s_2player-200x267.png 200w, https:\/\/www.castle-of-mind.com\/wp-content\/uploads\/2021\/02\/icon_s_2player-225x300.png 225w, https:\/\/www.castle-of-mind.com\/wp-content\/uploads\/2021\/02\/icon_s_2player-400x533.png 400w, https:\/\/www.castle-of-mind.com\/wp-content\/uploads\/2021\/02\/icon_s_2player.png 450w\" sizes=\"(max-width: 60px) 100vw, 60px\" \/><\/p>\n<p>A 2019-es Orsz\u00e1g J\u00e1t\u00e9k\u00e1nak, a Castle of Mind-nak a gyerekeknek k\u00e9sz\u00edtett verzi\u00f3ja!<\/p>\n<p>Seg\u00edts az oroszl\u00e1nnak feljutni a szirtre, hogy elfoglalja m\u00e9lt\u00f3 hely\u00e9t! Az \u00fat sor\u00e1n t\u00e1rsaid lesznek a gy\u00edkok, a delfinek \u00e9s a szarvasok, ugyanis a szirt fel\u00e9 vezet\u0151 \u00fat erd\u0151k\u00f6n, v\u00e9gtelen sztyepp\u00e9ken \u00e9s tengereken vezet kereszt\u00fcl.<\/p>\n<p>Ez az izgalmas k\u00e9tszem\u00e9lyes logikai j\u00e1t\u00e9k amellett, hogy sz\u00f3rakoztat\u00f3, a Castle of Mind-hoz hasonl\u00f3an nagyon sok k\u00e9pess\u00e9get \u00e9s k\u00e9szs\u00e9get fejleszt, t\u00f6bbek k\u00f6z\u00f6tt a figyelmet, a logik\u00e1t, a t\u00e9rl\u00e1t\u00e1st, az \u00f6sszef\u00fcgg\u00e9sek megl\u00e1t\u00e1s\u00e1t, \u00e9s az el\u0151re gondolkod\u00e1st.<\/p>\n<p>J\u00e1t\u00e9kosok sz\u00e1ma: 2<br \/>\nA j\u00e1t\u00e9k hossza: 5-15 perc<br \/>\nAj\u00e1nlott koroszt\u00e1ly: 3 \u00e9ves kor f\u00f6l\u00f6tt<\/p>\n<div class=\"video-shortcode\"><iframe title=\"COM For Kids\" width=\"1000\" height=\"563\" src=\"https:\/\/www.youtube.com\/embed\/c31uKyIE0yk?feature=oembed\" frameborder=\"0\" allow=\"accelerometer; autoplay; clipboard-write; encrypted-media; gyroscope; picture-in-picture\" allowfullscreen><\/iframe><\/div>\n<p style=\"text-align: center;\">\n","protected":false},"excerpt":{"rendered":"<p><img decoding=\"async\" class=\"alignright wp-image-400\" src=\"http:\/\/www.castle-of-mind.com\/wp-content\/uploads\/sites\/30\/2021\/02\/icon_s_3.png\" alt=\"\" width=\"60\" height=\"80\" srcset=\"https:\/\/www.castle-of-mind.com\/wp-content\/uploads\/2021\/02\/icon_s_3-200x267.png 200w, https:\/\/www.castle-of-mind.com\/wp-content\/uploads\/2021\/02\/icon_s_3-225x300.png 225w, https:\/\/www.castle-of-mind.com\/wp-content\/uploads\/2021\/02\/icon_s_3-400x533.png 400w, https:\/\/www.castle-of-mind.com\/wp-content\/uploads\/2021\/02\/icon_s_3.png 450w\" sizes=\"(max-width: 60px) 100vw, 60px\" \/><\/p>\n<p><img decoding=\"async\" class=\"alignright wp-image-402\" src=\"http:\/\/www.castle-of-mind.com\/wp-content\/uploads\/sites\/30\/2021\/02\/icon_s_5-15_min.png\" alt=\"\" width=\"60\" height=\"80\" srcset=\"https:\/\/www.castle-of-mind.com\/wp-content\/uploads\/2021\/02\/icon_s_5-15_min-200x267.png 200w, https:\/\/www.castle-of-mind.com\/wp-content\/uploads\/2021\/02\/icon_s_5-15_min-225x300.png 225w, https:\/\/www.castle-of-mind.com\/wp-content\/uploads\/2021\/02\/icon_s_5-15_min-400x533.png 400w, https:\/\/www.castle-of-mind.com\/wp-content\/uploads\/2021\/02\/icon_s_5-15_min.png 450w\" sizes=\"(max-width: 60px) 100vw, 60px\" \/><\/p>\n<p><img decoding=\"async\" class=\"alignright wp-image-398\" src=\"http:\/\/www.castle-of-mind.com\/wp-content\/uploads\/sites\/30\/2021\/02\/icon_s_2player.png\" alt=\"\" width=\"60\" height=\"80\" srcset=\"https:\/\/www.castle-of-mind.com\/wp-content\/uploads\/2021\/02\/icon_s_2player-200x267.png 200w, https:\/\/www.castle-of-mind.com\/wp-content\/uploads\/2021\/02\/icon_s_2player-225x300.png 225w, https:\/\/www.castle-of-mind.com\/wp-content\/uploads\/2021\/02\/icon_s_2player-400x533.png 400w, https:\/\/www.castle-of-mind.com\/wp-content\/uploads\/2021\/02\/icon_s_2player.png 450w\" sizes=\"(max-width: 60px) 100vw, 60px\" \/><\/p>\n<p><strong>COM For Kids<br \/>\n<\/strong>Fejleszt\u0151 \u00e9s sz\u00f3rakoztat\u00f3 logikai j\u00e1t\u00e9k h\u00e1rom\u00e9ves kort\u00f3l<\/p>\n<p>J\u00e1t\u00e9kosok sz\u00e1ma: 2<br \/>\nA j\u00e1t\u00e9k hossza: 5-15 perc<br \/>\nAj\u00e1nlott koroszt\u00e1ly: 3 \u00e9ves kor f\u00f6l\u00f6tt<\/p>\n<p>&nbsp;<\/p>\n","protected":false},"featured_media":425,"comment_status":"open","ping_status":"closed","template":"","meta":[],"product_cat":[72],"product_tag":[150,151,152,158,153,154],"_links":{"self":[{"href":"https:\/\/www.castle-of-mind.com\/hu\/wp-json\/wp\/v2\/product\/397"}],"collection":[{"href":"https:\/\/www.castle-of-mind.com\/hu\/wp-json\/wp\/v2\/product"}],"about":[{"href":"https:\/\/www.castle-of-mind.com\/hu\/wp-json\/wp\/v2\/types\/product"}],"replies":[{"embeddable":true,"href":"https:\/\/www.castle-of-mind.com\/hu\/wp-json\/wp\/v2\/comments?post=397"}],"wp:featuredmedia":[{"embeddable":true,"href":"https:\/\/www.castle-of-mind.com\/hu\/wp-json\/wp\/v2\/media\/425"}],"wp:attachment":[{"href":"https:\/\/www.castle-of-mind.com\/hu\/wp-json\/wp\/v2\/media?parent=397"}],"wp:term":[{"taxonomy":"product_cat","embeddable":true,"href":"https:\/\/www.castle-of-mind.com\/hu\/wp-json\/wp\/v2\/product_cat?post=397"},{"taxonomy":"product_tag","embeddable":true,"href":"https:\/\/www.castle-of-mind.com\/hu\/wp-json\/wp\/v2\/product_tag?post=397"}],"curies":[{"name":"wp","href":"https:\/\/api.w.org\/{rel}","templated":true}]}}