{"id":437,"date":"2021-02-24T00:24:55","date_gmt":"2021-02-23T22:24:55","guid":{"rendered":"http:\/\/www.castle-of-mind.com\/?post_type=product&#038;p=437"},"modified":"2026-03-23T20:24:48","modified_gmt":"2026-03-23T18:24:48","slug":"castle-of-mind-wyvern","status":"publish","type":"product","link":"https:\/\/www.castle-of-mind.com\/hu\/termek\/castle-of-mind-wyvern\/","title":{"rendered":"COM Wyvern"},"content":{"rendered":"<p><strong>4 szem\u00e9lyes strat\u00e9giai j\u00e1t\u00e9k<\/strong><\/p>\n<p>(2 \u00e9s 3 f\u0151vel is j\u00e1tszhat\u00f3 j\u00e1t\u00e9km\u00f3dokkal)<\/p>\n<p>Lovagok \u00e9s var\u00e1zslatos l\u00e9nyek csat\u00e1ja k\u00e9sz\u00fcl\u0151dik a n\u00e9gy kir\u00e1lys\u00e1g z\u00e1szlaja alatt. Hogy hogyan alakul a sorsuk \u00e9s v\u00e9g\u00fcl ki\u00e9 lesz a birodalom, rajtatok \u00e1ll.<\/p>\n<p>A seregek mozgat\u00e1sa, a kiv\u00e1l\u00f3 strat\u00e9gia ugyanolyan fontos, mint a diplom\u00e1cia: a megfelel\u0151 pillanatban megk\u00f6t\u00f6tt vagy felbontott sz\u00f6vets\u00e9gek ak\u00e1r az eg\u00e9sz csata sors\u00e1t eld\u00f6nthetik.<\/p>\n<p>A szab\u00e1lyok egyszer\u0171ek, a hadsz\u00ednt\u00e9r folyamatosan v\u00e1ltozik, a j\u00e1t\u00e9k fordulatokban gazdag \u00e9s eg\u00e9szen a legv\u00e9g\u00e9ig izgalomban tart!<\/p>\n<p>A COM Wyvern t\u00f6bbf\u00e9le j\u00e1t\u00e9km\u00f3dban j\u00e1tszhat\u00f3, van 2-3 f\u0151vel j\u00e1tszhat\u00f3 m\u00f3dozat is, de a legt\u00f6bb lehet\u0151s\u00e9get a 4 szem\u00e9lyes j\u00e1t\u00e9kokban tal\u00e1lj\u00e1tok.<\/p>\n<p><img decoding=\"async\" class=\"alignright wp-image-447\" src=\"https:\/\/www.castle-of-mind.com\/wp-content\/uploads\/sites\/30\/2021\/02\/icon_6.png\" alt=\"\" width=\"60\" height=\"80\" srcset=\"https:\/\/www.castle-of-mind.com\/wp-content\/uploads\/2021\/02\/icon_6-45x60.png 45w, https:\/\/www.castle-of-mind.com\/wp-content\/uploads\/2021\/02\/icon_6-68x90.png 68w, https:\/\/www.castle-of-mind.com\/wp-content\/uploads\/2021\/02\/icon_6-200x267.png 200w, https:\/\/www.castle-of-mind.com\/wp-content\/uploads\/2021\/02\/icon_6-225x300.png 225w, https:\/\/www.castle-of-mind.com\/wp-content\/uploads\/2021\/02\/icon_6-400x533.png 400w, https:\/\/www.castle-of-mind.com\/wp-content\/uploads\/2021\/02\/icon_6.png 450w\" sizes=\"(max-width: 60px) 100vw, 60px\" \/><\/p>\n<p><img decoding=\"async\" class=\"alignright wp-image-536\" src=\"https:\/\/www.castle-of-mind.com\/wp-content\/uploads\/sites\/30\/2021\/02\/icon_30-120min.png\" alt=\"\" width=\"60\" height=\"80\" srcset=\"https:\/\/www.castle-of-mind.com\/wp-content\/uploads\/2021\/02\/icon_30-120min-45x60.png 45w, https:\/\/www.castle-of-mind.com\/wp-content\/uploads\/2021\/02\/icon_30-120min-68x90.png 68w, https:\/\/www.castle-of-mind.com\/wp-content\/uploads\/2021\/02\/icon_30-120min-200x267.png 200w, https:\/\/www.castle-of-mind.com\/wp-content\/uploads\/2021\/02\/icon_30-120min-225x300.png 225w, https:\/\/www.castle-of-mind.com\/wp-content\/uploads\/2021\/02\/icon_30-120min-400x533.png 400w, https:\/\/www.castle-of-mind.com\/wp-content\/uploads\/2021\/02\/icon_30-120min.png 450w\" sizes=\"(max-width: 60px) 100vw, 60px\" \/><\/p>\n<p><img decoding=\"async\" class=\"wp-image-445 alignright\" src=\"https:\/\/www.castle-of-mind.com\/wp-content\/uploads\/sites\/30\/2021\/02\/icon_4person.png\" alt=\"\" width=\"60\" height=\"80\" srcset=\"https:\/\/www.castle-of-mind.com\/wp-content\/uploads\/2021\/02\/icon_4person-45x60.png 45w, https:\/\/www.castle-of-mind.com\/wp-content\/uploads\/2021\/02\/icon_4person-68x90.png 68w, https:\/\/www.castle-of-mind.com\/wp-content\/uploads\/2021\/02\/icon_4person-200x267.png 200w, https:\/\/www.castle-of-mind.com\/wp-content\/uploads\/2021\/02\/icon_4person-225x300.png 225w, https:\/\/www.castle-of-mind.com\/wp-content\/uploads\/2021\/02\/icon_4person-400x533.png 400w, https:\/\/www.castle-of-mind.com\/wp-content\/uploads\/2021\/02\/icon_4person.png 450w\" sizes=\"(max-width: 60px) 100vw, 60px\" \/><\/p>\n<p>J\u00e1t\u00e9kosok sz\u00e1ma: 4 (2-3 f\u0151vel is j\u00e1tszhat\u00f3!)<br \/>\nA j\u00e1t\u00e9k hossza: 30-120 perc<br \/>\nAj\u00e1nlott koroszt\u00e1ly: 6 \u00e9ves kor f\u00f6l\u00f6tt<\/p>\n<p>&nbsp;<\/p>\n<div class=\"video-shortcode\"><iframe title=\"Castle Of Mind - WYVERN\" width=\"1000\" height=\"563\" src=\"https:\/\/www.youtube.com\/embed\/tWr05d0fXsc?feature=oembed\" frameborder=\"0\" allow=\"accelerometer; autoplay; clipboard-write; encrypted-media; gyroscope; picture-in-picture\" allowfullscreen><\/iframe><\/div>\n<p style=\"text-align: center;\">\n","protected":false},"excerpt":{"rendered":"<p>A COM Wyvern izgalmas, 4 szem\u00e9lyes strat\u00e9giai j\u00e1t\u00e9k &#8211; t\u00f6bbfajta j\u00e1t\u00e9km\u00f3ddal, k\u00f6zt\u00fck 2-3 f\u0151vel j\u00e1tszhat\u00f3kkal is.<\/p>\n<p><img decoding=\"async\" class=\"alignright wp-image-447\" src=\"https:\/\/www.castle-of-mind.com\/wp-content\/uploads\/sites\/30\/2021\/02\/icon_6.png\" alt=\"\" width=\"60\" height=\"80\" srcset=\"https:\/\/www.castle-of-mind.com\/wp-content\/uploads\/2021\/02\/icon_6-45x60.png 45w, https:\/\/www.castle-of-mind.com\/wp-content\/uploads\/2021\/02\/icon_6-68x90.png 68w, https:\/\/www.castle-of-mind.com\/wp-content\/uploads\/2021\/02\/icon_6-200x267.png 200w, https:\/\/www.castle-of-mind.com\/wp-content\/uploads\/2021\/02\/icon_6-225x300.png 225w, https:\/\/www.castle-of-mind.com\/wp-content\/uploads\/2021\/02\/icon_6-400x533.png 400w, https:\/\/www.castle-of-mind.com\/wp-content\/uploads\/2021\/02\/icon_6.png 450w\" sizes=\"(max-width: 60px) 100vw, 60px\" \/><\/p>\n<p><img decoding=\"async\" class=\"alignright wp-image-536\" src=\"https:\/\/www.castle-of-mind.com\/wp-content\/uploads\/sites\/30\/2021\/02\/icon_30-120min.png\" alt=\"\" width=\"60\" height=\"80\" srcset=\"https:\/\/www.castle-of-mind.com\/wp-content\/uploads\/2021\/02\/icon_30-120min-45x60.png 45w, https:\/\/www.castle-of-mind.com\/wp-content\/uploads\/2021\/02\/icon_30-120min-68x90.png 68w, https:\/\/www.castle-of-mind.com\/wp-content\/uploads\/2021\/02\/icon_30-120min-200x267.png 200w, https:\/\/www.castle-of-mind.com\/wp-content\/uploads\/2021\/02\/icon_30-120min-225x300.png 225w, https:\/\/www.castle-of-mind.com\/wp-content\/uploads\/2021\/02\/icon_30-120min-400x533.png 400w, https:\/\/www.castle-of-mind.com\/wp-content\/uploads\/2021\/02\/icon_30-120min.png 450w\" sizes=\"(max-width: 60px) 100vw, 60px\" \/><\/p>\n<p><img decoding=\"async\" class=\"wp-image-445 alignright\" src=\"https:\/\/www.castle-of-mind.com\/wp-content\/uploads\/sites\/30\/2021\/02\/icon_4person.png\" alt=\"\" width=\"60\" height=\"80\" srcset=\"https:\/\/www.castle-of-mind.com\/wp-content\/uploads\/2021\/02\/icon_4person-45x60.png 45w, https:\/\/www.castle-of-mind.com\/wp-content\/uploads\/2021\/02\/icon_4person-68x90.png 68w, https:\/\/www.castle-of-mind.com\/wp-content\/uploads\/2021\/02\/icon_4person-200x267.png 200w, https:\/\/www.castle-of-mind.com\/wp-content\/uploads\/2021\/02\/icon_4person-225x300.png 225w, https:\/\/www.castle-of-mind.com\/wp-content\/uploads\/2021\/02\/icon_4person-400x533.png 400w, https:\/\/www.castle-of-mind.com\/wp-content\/uploads\/2021\/02\/icon_4person.png 450w\" sizes=\"(max-width: 60px) 100vw, 60px\" \/><\/p>\n<p>J\u00e1t\u00e9kosok sz\u00e1ma: 4<br \/>\n<em>(2-3 f\u0151vel is j\u00e1tszhat\u00f3!)<\/em><br \/>\nA j\u00e1t\u00e9k hossza: 30-120 perc<br \/>\nAj\u00e1nlott koroszt\u00e1ly: 6 \u00e9ves kor f\u00f6l\u00f6tt<\/p>\n<p>&nbsp;<\/p>\n","protected":false},"featured_media":533,"comment_status":"closed","ping_status":"closed","template":"","meta":[],"product_cat":[73],"product_tag":[226,224,225,227,223],"_links":{"self":[{"href":"https:\/\/www.castle-of-mind.com\/hu\/wp-json\/wp\/v2\/product\/437"}],"collection":[{"href":"https:\/\/www.castle-of-mind.com\/hu\/wp-json\/wp\/v2\/product"}],"about":[{"href":"https:\/\/www.castle-of-mind.com\/hu\/wp-json\/wp\/v2\/types\/product"}],"replies":[{"embeddable":true,"href":"https:\/\/www.castle-of-mind.com\/hu\/wp-json\/wp\/v2\/comments?post=437"}],"wp:featuredmedia":[{"embeddable":true,"href":"https:\/\/www.castle-of-mind.com\/hu\/wp-json\/wp\/v2\/media\/533"}],"wp:attachment":[{"href":"https:\/\/www.castle-of-mind.com\/hu\/wp-json\/wp\/v2\/media?parent=437"}],"wp:term":[{"taxonomy":"product_cat","embeddable":true,"href":"https:\/\/www.castle-of-mind.com\/hu\/wp-json\/wp\/v2\/product_cat?post=437"},{"taxonomy":"product_tag","embeddable":true,"href":"https:\/\/www.castle-of-mind.com\/hu\/wp-json\/wp\/v2\/product_tag?post=437"}],"curies":[{"name":"wp","href":"https:\/\/api.w.org\/{rel}","templated":true}]}}