{"id":76,"date":"2019-09-02T22:55:23","date_gmt":"2019-09-02T20:55:23","guid":{"rendered":"http:\/\/www2.castle-of-mind.com\/?post_type=product&#038;p=76"},"modified":"2026-03-23T20:22:45","modified_gmt":"2026-03-23T18:22:45","slug":"castle-of-mind","status":"publish","type":"product","link":"https:\/\/www.castle-of-mind.com\/hu\/termek\/castle-of-mind\/","title":{"rendered":"Castle of Mind"},"content":{"rendered":"<p>COM 1 &#8211; K\u00e9tszem\u00e9lyes logikai-strat\u00e9giai t\u00e1bl\u00e1s fejleszt\u0151 j\u00e1t\u00e9k &#8211; a Castle of Mind klasszikus v\u00e1ltozata.<\/p>\n<p><em>A Castle of Mind t\u00f6bb mint j\u00e1t\u00e9k.<br \/>\nNem csak sz\u00f3rakoztat, de pr\u00f3b\u00e1ra is tesz.<br \/>\nIg\u00e9nybe veszi az agyat \u2013 \u00e9s fejleszti is azt.<\/em><\/p>\n<p>A j\u00e1t\u00e9kosok sz\u00ednes b\u00e1bukat ir\u00e1ny\u00edtanak a kast\u00e9ly k\u00f6vein. A c\u00e9l: eljuttatni a piros b\u00e1but a p\u00e1lya k\u00f6zep\u00e9re \u2013 \u00e9s megakad\u00e1lyozni az ellenfelet, hogy ezt el\u0151bb el\u00e9rje.<\/p>\n<p>A j\u00e1tszma rengeteg lehet\u0151s\u00e9get rejt mag\u00e1ban. A j\u00e1t\u00e9kosok d\u00f6nt\u00e9seit\u0151l f\u00fcgg, melyik b\u00e1bunak mekkora szerepet sz\u00e1nnak, mikor \u00e9s hol t\u00e1madnak, hogyan v\u00e9dekeznek, hogyan v\u00e1ltanak menet k\u00f6zben, milyen strat\u00e9gi\u00e1t alkalmaznak.<\/p>\n<p>\u00c9s ami k\u00fcl\u00f6n\u00f6sen izgalmass\u00e1 teszi az \u00f6sszecsap\u00e1st, az a j\u00e1t\u00e9k egyedi mechanik\u00e1ja, amelynek k\u00f6sz\u00f6nhet\u0151en az \u00fct\u00e9s nem (felt\u00e9tlen\u00fcl) ott t\u00f6rt\u00e9nik, ahol a l\u00e9p\u00e9s.<br \/>\nEz az egyszer\u0171, \u00e1m zseni\u00e1lis csavar a j\u00e1t\u00e9kmenetben megk\u00f6veteli, hogy a j\u00e1t\u00e9kosok figyelme az eg\u00e9sz p\u00e1ly\u00e1ra kiterjedjen, hogy igyekezzenek az ellenf\u00e9ln\u00e9l el\u0151r\u00e9bb l\u00e1tni, hogy sok lehets\u00e9ges verzi\u00f3t \u00e9szben tartsanak, hogy gondolkozzanak \u2013 \u00e9s folyamatosan fejlessz\u00e9k a gondolkod\u00e1sukat.<\/p>\n<p>A k\u00fczdelem teh\u00e1t val\u00f3j\u00e1ban a k\u00e9t j\u00e1t\u00e9kos elm\u00e9j\u00e9ben zajlik. Az elme kast\u00e9ly\u00e1nak sz\u00ednes k\u00f6vein mozgatott sz\u00ednes b\u00e1buk ezt a megm\u00e9rettet\u00e9st jelen\u00edtik meg.<\/p>\n<p><img decoding=\"async\" class=\"wp-image-312 alignleft\" src=\"http:\/\/www.castle-of-mind.com\/wp-content\/uploads\/sites\/30\/2020\/01\/oj2019_logo.png\" alt=\"\" width=\"111\" height=\"109\" srcset=\"https:\/\/www.castle-of-mind.com\/wp-content\/uploads\/2020\/01\/oj2019_logo-66x66.png 66w, https:\/\/www.castle-of-mind.com\/wp-content\/uploads\/2020\/01\/oj2019_logo-200x196.png 200w, https:\/\/www.castle-of-mind.com\/wp-content\/uploads\/2020\/01\/oj2019_logo-300x293.png 300w, https:\/\/www.castle-of-mind.com\/wp-content\/uploads\/2020\/01\/oj2019_logo-400x391.png 400w, https:\/\/www.castle-of-mind.com\/wp-content\/uploads\/2020\/01\/oj2019_logo.png 414w\" sizes=\"(max-width: 111px) 100vw, 111px\" \/><\/p>\n<p>A Castle Of Mind-ot megjelen\u00e9s\u00e9nek \u00e9v\u00e9ben, 2019-ben k\u00e9t kateg\u00f3ri\u00e1ban is az \u00c9v J\u00e1t\u00e9k\u00e1nak v\u00e1lasztott\u00e1k.<\/p>\n<p><img decoding=\"async\" class=\"wp-image-393 alignright\" src=\"http:\/\/www.castle-of-mind.com\/wp-content\/uploads\/sites\/30\/2019\/09\/icon_8.png\" alt=\"\" width=\"60\" height=\"80\" srcset=\"https:\/\/www.castle-of-mind.com\/wp-content\/uploads\/2019\/09\/icon_8-200x267.png 200w, https:\/\/www.castle-of-mind.com\/wp-content\/uploads\/2019\/09\/icon_8-225x300.png 225w, https:\/\/www.castle-of-mind.com\/wp-content\/uploads\/2019\/09\/icon_8-400x533.png 400w, https:\/\/www.castle-of-mind.com\/wp-content\/uploads\/2019\/09\/icon_8.png 450w\" sizes=\"(max-width: 60px) 100vw, 60px\" \/><\/p>\n<p><img decoding=\"async\" class=\"wp-image-395 alignright\" src=\"http:\/\/www.castle-of-mind.com\/wp-content\/uploads\/sites\/30\/2019\/09\/icon_15-80min.png\" alt=\"\" width=\"60\" height=\"80\" srcset=\"https:\/\/www.castle-of-mind.com\/wp-content\/uploads\/2019\/09\/icon_15-80min-200x267.png 200w, https:\/\/www.castle-of-mind.com\/wp-content\/uploads\/2019\/09\/icon_15-80min-225x300.png 225w, https:\/\/www.castle-of-mind.com\/wp-content\/uploads\/2019\/09\/icon_15-80min-400x533.png 400w, https:\/\/www.castle-of-mind.com\/wp-content\/uploads\/2019\/09\/icon_15-80min.png 450w\" sizes=\"(max-width: 60px) 100vw, 60px\" \/><\/p>\n<p><img decoding=\"async\" class=\"wp-image-391 alignright\" src=\"http:\/\/www.castle-of-mind.com\/wp-content\/uploads\/sites\/30\/2019\/09\/icon_2person.png\" alt=\"\" width=\"60\" height=\"80\" srcset=\"https:\/\/www.castle-of-mind.com\/wp-content\/uploads\/2019\/09\/icon_2person-200x267.png 200w, https:\/\/www.castle-of-mind.com\/wp-content\/uploads\/2019\/09\/icon_2person-225x300.png 225w, https:\/\/www.castle-of-mind.com\/wp-content\/uploads\/2019\/09\/icon_2person-400x533.png 400w, https:\/\/www.castle-of-mind.com\/wp-content\/uploads\/2019\/09\/icon_2person.png 450w\" sizes=\"(max-width: 60px) 100vw, 60px\" \/><\/p>\n<p>J\u00e1t\u00e9kosok sz\u00e1ma: 2<br \/>\nA j\u00e1t\u00e9k hossza: 15-80 perc<br \/>\nAj\u00e1nlott koroszt\u00e1ly: 8 \u00e9ves kor f\u00f6l\u00f6tt<\/p>\n<p>&nbsp;<\/p>\n<div class=\"video-shortcode\"><iframe title=\"Castle Of Mind - Fejben d\u0151l el!\" width=\"1000\" height=\"563\" src=\"https:\/\/www.youtube.com\/embed\/0iFmbGDDvrc?feature=oembed\" frameborder=\"0\" allow=\"accelerometer; autoplay; clipboard-write; encrypted-media; gyroscope; picture-in-picture\" allowfullscreen><\/iframe><\/div>\n","protected":false},"excerpt":{"rendered":"<p><img decoding=\"async\" class=\"wp-image-393 alignright\" src=\"http:\/\/www.castle-of-mind.com\/wp-content\/uploads\/sites\/30\/2019\/09\/icon_8.png\" alt=\"\" width=\"60\" height=\"80\" srcset=\"https:\/\/www.castle-of-mind.com\/wp-content\/uploads\/2019\/09\/icon_8-200x267.png 200w, https:\/\/www.castle-of-mind.com\/wp-content\/uploads\/2019\/09\/icon_8-225x300.png 225w, https:\/\/www.castle-of-mind.com\/wp-content\/uploads\/2019\/09\/icon_8-400x533.png 400w, https:\/\/www.castle-of-mind.com\/wp-content\/uploads\/2019\/09\/icon_8.png 450w\" sizes=\"(max-width: 60px) 100vw, 60px\" \/><\/p>\n<p><img decoding=\"async\" class=\"wp-image-395 alignright\" src=\"http:\/\/www.castle-of-mind.com\/wp-content\/uploads\/sites\/30\/2019\/09\/icon_15-80min.png\" alt=\"\" width=\"60\" height=\"80\" srcset=\"https:\/\/www.castle-of-mind.com\/wp-content\/uploads\/2019\/09\/icon_15-80min-200x267.png 200w, https:\/\/www.castle-of-mind.com\/wp-content\/uploads\/2019\/09\/icon_15-80min-225x300.png 225w, https:\/\/www.castle-of-mind.com\/wp-content\/uploads\/2019\/09\/icon_15-80min-400x533.png 400w, https:\/\/www.castle-of-mind.com\/wp-content\/uploads\/2019\/09\/icon_15-80min.png 450w\" sizes=\"(max-width: 60px) 100vw, 60px\" \/><\/p>\n<p><img decoding=\"async\" class=\"wp-image-391 alignright\" src=\"http:\/\/www.castle-of-mind.com\/wp-content\/uploads\/sites\/30\/2019\/09\/icon_2person.png\" alt=\"\" width=\"60\" height=\"80\" srcset=\"https:\/\/www.castle-of-mind.com\/wp-content\/uploads\/2019\/09\/icon_2person-200x267.png 200w, https:\/\/www.castle-of-mind.com\/wp-content\/uploads\/2019\/09\/icon_2person-225x300.png 225w, https:\/\/www.castle-of-mind.com\/wp-content\/uploads\/2019\/09\/icon_2person-400x533.png 400w, https:\/\/www.castle-of-mind.com\/wp-content\/uploads\/2019\/09\/icon_2person.png 450w\" sizes=\"(max-width: 60px) 100vw, 60px\" \/>K\u00e9tszem\u00e9lyes logikai-strat\u00e9giai t\u00e1bl\u00e1s fejleszt\u0151 j\u00e1t\u00e9k &#8211; a Castle of Mind klasszikus v\u00e1ltozata.<\/p>\n<p>J\u00e1t\u00e9kosok sz\u00e1ma: 2<br \/>\nA j\u00e1t\u00e9k hossza: 15-80 perc<br \/>\nAj\u00e1nlott koroszt\u00e1ly: 8 \u00e9ves kor f\u00f6l\u00f6tt<\/p>\n","protected":false},"featured_media":427,"comment_status":"open","ping_status":"closed","template":"","meta":[],"product_cat":[72,73],"product_tag":[150,151,152,292,153,154],"_links":{"self":[{"href":"https:\/\/www.castle-of-mind.com\/hu\/wp-json\/wp\/v2\/product\/76"}],"collection":[{"href":"https:\/\/www.castle-of-mind.com\/hu\/wp-json\/wp\/v2\/product"}],"about":[{"href":"https:\/\/www.castle-of-mind.com\/hu\/wp-json\/wp\/v2\/types\/product"}],"replies":[{"embeddable":true,"href":"https:\/\/www.castle-of-mind.com\/hu\/wp-json\/wp\/v2\/comments?post=76"}],"wp:featuredmedia":[{"embeddable":true,"href":"https:\/\/www.castle-of-mind.com\/hu\/wp-json\/wp\/v2\/media\/427"}],"wp:attachment":[{"href":"https:\/\/www.castle-of-mind.com\/hu\/wp-json\/wp\/v2\/media?parent=76"}],"wp:term":[{"taxonomy":"product_cat","embeddable":true,"href":"https:\/\/www.castle-of-mind.com\/hu\/wp-json\/wp\/v2\/product_cat?post=76"},{"taxonomy":"product_tag","embeddable":true,"href":"https:\/\/www.castle-of-mind.com\/hu\/wp-json\/wp\/v2\/product_tag?post=76"}],"curies":[{"name":"wp","href":"https:\/\/api.w.org\/{rel}","templated":true}]}}